{"id":2551,"date":"2025-03-07T10:08:43","date_gmt":"2025-03-07T09:08:43","guid":{"rendered":"https:\/\/jardin.vallonchene.fr\/impressum\/"},"modified":"2025-03-08T11:37:32","modified_gmt":"2025-03-08T10:37:32","slug":"impressum","status":"publish","type":"page","link":"https:\/\/jardin.vallonchene.fr\/de\/impressum\/","title":{"rendered":"Impressum"},"content":{"rendered":"\n<h3 class=\"wp-block-heading\">Eigent\u00fcmer und Herausgeber dieser Website<\/h3>\n\n<p>VALLONCHENE SARL<br\/>1426, chemin d&#8217;Atteville<br\/>76440 SOMMERY (Frankreich)<\/p>\n\n<p>T\u00e9l. : +33 (0)2 35 90 02 02<br\/>E-mail : office arobase vallonchene point fr<br\/><br\/>R.C.S. de Dieppe<br\/>N\u00b0 Siret : 494 545 023 00017<br\/><br\/>Tous droits r\u00e9serv\u00e9s 2021. Les photos sur ce site ne sont pas contractuelles et la propri\u00e9t\u00e9 de Vallonch\u00eane ou de ses partenaires.<br\/><br\/>La reproduction, copie et utilisation du contenu et\/ou des images sur jardin.vallonchene.fr est interdite sans accord \u00e9crit.<\/p>\n\n<h3 class=\"wp-block-heading\">Verantwortlicher f\u00fcr die Ver\u00f6ffentlichung<\/h3>\n\n<p>Christophe MARSILLE<\/p>\n\n<h3 class=\"wp-block-heading\">Hosting der Website<\/h3>\n\n<p>Die Website jardin.vallonchene.fr wird auf Servern in Frankreich von der Firma OVH SAS, 2 rue Kellermann \u2013 BP 80157 59053 ROUBAIX CEDEX 1 (Frankreich), gehostet.<\/p>\n\n<p>Die Speicherung der pers\u00f6nlichen Daten der Nutzer erfolgt ausschlie\u00dflich in den Rechenzentren von OVH in Mitgliedstaaten der Europ\u00e4ischen Union.<\/p>\n","protected":false},"excerpt":{"rendered":"<p>Eigent\u00fcmer und Herausgeber dieser Website VALLONCHENE SARL1426, chemin d&#8217;Atteville76440 SOMMERY (Frankreich) T\u00e9l. : +33 (0)2 35 90 02 02E-mail : office arobase vallonchene point fr R.C.S. de DieppeN\u00b0 Siret : 494 545 023 00017 Tous droits r\u00e9serv\u00e9s 2021. Les photos sur ce site ne sont pas contractuelles et la propri\u00e9t\u00e9 de Vallonch\u00eane ou de ses [&hellip;]<\/p>\n","protected":false},"author":1,"featured_media":0,"parent":0,"menu_order":0,"comment_status":"closed","ping_status":"closed","template":"","meta":{"footnotes":""},"class_list":["post-2551","page","type-page","status-publish","hentry"],"yoast_head":"<!-- This site is optimized with the Yoast SEO plugin v27.1.1 - https:\/\/yoast.com\/product\/yoast-seo-wordpress\/ -->\n<title>Impressum - Garten von Vallonch\u00eane<\/title>\n<meta name=\"robots\" content=\"index, follow, max-snippet:-1, max-image-preview:large, max-video-preview:-1\" \/>\n<link rel=\"canonical\" href=\"https:\/\/jardin.vallonchene.fr\/de\/impressum\/\" \/>\n<meta property=\"og:locale\" content=\"de_DE\" \/>\n<meta property=\"og:type\" content=\"article\" \/>\n<meta property=\"og:title\" content=\"Impressum - Garten von Vallonch\u00eane\" \/>\n<meta property=\"og:description\" content=\"Eigent\u00fcmer und Herausgeber dieser Website VALLONCHENE SARL1426, chemin d&#8217;Atteville76440 SOMMERY (Frankreich) T\u00e9l. : +33 (0)2 35 90 02 02E-mail : office arobase vallonchene point fr R.C.S. de DieppeN\u00b0 Siret : 494 545 023 00017 Tous droits r\u00e9serv\u00e9s 2021. Les photos sur ce site ne sont pas contractuelles et la propri\u00e9t\u00e9 de Vallonch\u00eane ou de ses [&hellip;]\" \/>\n<meta property=\"og:url\" content=\"https:\/\/jardin.vallonchene.fr\/de\/impressum\/\" \/>\n<meta property=\"og:site_name\" content=\"Garten von Vallonch\u00eane\" \/>\n<meta property=\"article:modified_time\" content=\"2025-03-08T10:37:32+00:00\" \/>\n<meta name=\"twitter:card\" content=\"summary_large_image\" \/>\n<meta name=\"twitter:label1\" content=\"Gesch\u00e4tzte Lesezeit\" \/>\n\t<meta name=\"twitter:data1\" content=\"1\u00a0Minute\" \/>\n<script type=\"application\/ld+json\" class=\"yoast-schema-graph\">{\"@context\":\"https:\/\/schema.org\",\"@graph\":[{\"@type\":\"WebPage\",\"@id\":\"https:\/\/jardin.vallonchene.fr\/de\/impressum\/\",\"url\":\"https:\/\/jardin.vallonchene.fr\/de\/impressum\/\",\"name\":\"Impressum - Garten von Vallonch\u00eane\",\"isPartOf\":{\"@id\":\"https:\/\/jardin.vallonchene.fr\/de\/#website\"},\"datePublished\":\"2025-03-07T09:08:43+00:00\",\"dateModified\":\"2025-03-08T10:37:32+00:00\",\"breadcrumb\":{\"@id\":\"https:\/\/jardin.vallonchene.fr\/de\/impressum\/#breadcrumb\"},\"inLanguage\":\"de\",\"potentialAction\":[{\"@type\":\"ReadAction\",\"target\":[\"https:\/\/jardin.vallonchene.fr\/de\/impressum\/\"]}]},{\"@type\":\"BreadcrumbList\",\"@id\":\"https:\/\/jardin.vallonchene.fr\/de\/impressum\/#breadcrumb\",\"itemListElement\":[{\"@type\":\"ListItem\",\"position\":1,\"name\":\"Accueil\",\"item\":\"https:\/\/jardin.vallonchene.fr\/de\/\"},{\"@type\":\"ListItem\",\"position\":2,\"name\":\"Impressum\"}]},{\"@type\":\"WebSite\",\"@id\":\"https:\/\/jardin.vallonchene.fr\/de\/#website\",\"url\":\"https:\/\/jardin.vallonchene.fr\/de\/\",\"name\":\"Garten von Vallonch\u00eane\",\"description\":\"\",\"publisher\":{\"@id\":\"https:\/\/jardin.vallonchene.fr\/de\/#organization\"},\"potentialAction\":[{\"@type\":\"SearchAction\",\"target\":{\"@type\":\"EntryPoint\",\"urlTemplate\":\"https:\/\/jardin.vallonchene.fr\/de\/?s={search_term_string}\"},\"query-input\":{\"@type\":\"PropertyValueSpecification\",\"valueRequired\":true,\"valueName\":\"search_term_string\"}}],\"inLanguage\":\"de\"},{\"@type\":\"Organization\",\"@id\":\"https:\/\/jardin.vallonchene.fr\/de\/#organization\",\"name\":\"Garten von Vallonch\u00eane\",\"url\":\"https:\/\/jardin.vallonchene.fr\/de\/\",\"logo\":{\"@type\":\"ImageObject\",\"inLanguage\":\"de\",\"@id\":\"https:\/\/jardin.vallonchene.fr\/de\/#\/schema\/logo\/image\/\",\"url\":\"https:\/\/jardin.vallonchene.fr\/wp-content\/uploads\/2022\/11\/Logo-JARDIN-Vallonchene-avec-site-R-SVG-SIMPLE.png\",\"contentUrl\":\"https:\/\/jardin.vallonchene.fr\/wp-content\/uploads\/2022\/11\/Logo-JARDIN-Vallonchene-avec-site-R-SVG-SIMPLE.png\",\"width\":926,\"height\":678,\"caption\":\"Garten von Vallonch\u00eane\"},\"image\":{\"@id\":\"https:\/\/jardin.vallonchene.fr\/de\/#\/schema\/logo\/image\/\"}}]}<\/script>\n<!-- \/ Yoast SEO plugin. -->","yoast_head_json":{"title":"Impressum - Garten von Vallonch\u00eane","robots":{"index":"index","follow":"follow","max-snippet":"max-snippet:-1","max-image-preview":"max-image-preview:large","max-video-preview":"max-video-preview:-1"},"canonical":"https:\/\/jardin.vallonchene.fr\/de\/impressum\/","og_locale":"de_DE","og_type":"article","og_title":"Impressum - Garten von Vallonch\u00eane","og_description":"Eigent\u00fcmer und Herausgeber dieser Website VALLONCHENE SARL1426, chemin d&#8217;Atteville76440 SOMMERY (Frankreich) T\u00e9l. : +33 (0)2 35 90 02 02E-mail : office arobase vallonchene point fr R.C.S. de DieppeN\u00b0 Siret : 494 545 023 00017 Tous droits r\u00e9serv\u00e9s 2021. Les photos sur ce site ne sont pas contractuelles et la propri\u00e9t\u00e9 de Vallonch\u00eane ou de ses [&hellip;]","og_url":"https:\/\/jardin.vallonchene.fr\/de\/impressum\/","og_site_name":"Garten von Vallonch\u00eane","article_modified_time":"2025-03-08T10:37:32+00:00","twitter_card":"summary_large_image","twitter_misc":{"Gesch\u00e4tzte Lesezeit":"1\u00a0Minute"},"schema":{"@context":"https:\/\/schema.org","@graph":[{"@type":"WebPage","@id":"https:\/\/jardin.vallonchene.fr\/de\/impressum\/","url":"https:\/\/jardin.vallonchene.fr\/de\/impressum\/","name":"Impressum - Garten von Vallonch\u00eane","isPartOf":{"@id":"https:\/\/jardin.vallonchene.fr\/de\/#website"},"datePublished":"2025-03-07T09:08:43+00:00","dateModified":"2025-03-08T10:37:32+00:00","breadcrumb":{"@id":"https:\/\/jardin.vallonchene.fr\/de\/impressum\/#breadcrumb"},"inLanguage":"de","potentialAction":[{"@type":"ReadAction","target":["https:\/\/jardin.vallonchene.fr\/de\/impressum\/"]}]},{"@type":"BreadcrumbList","@id":"https:\/\/jardin.vallonchene.fr\/de\/impressum\/#breadcrumb","itemListElement":[{"@type":"ListItem","position":1,"name":"Accueil","item":"https:\/\/jardin.vallonchene.fr\/de\/"},{"@type":"ListItem","position":2,"name":"Impressum"}]},{"@type":"WebSite","@id":"https:\/\/jardin.vallonchene.fr\/de\/#website","url":"https:\/\/jardin.vallonchene.fr\/de\/","name":"Garten von Vallonch\u00eane","description":"","publisher":{"@id":"https:\/\/jardin.vallonchene.fr\/de\/#organization"},"potentialAction":[{"@type":"SearchAction","target":{"@type":"EntryPoint","urlTemplate":"https:\/\/jardin.vallonchene.fr\/de\/?s={search_term_string}"},"query-input":{"@type":"PropertyValueSpecification","valueRequired":true,"valueName":"search_term_string"}}],"inLanguage":"de"},{"@type":"Organization","@id":"https:\/\/jardin.vallonchene.fr\/de\/#organization","name":"Garten von Vallonch\u00eane","url":"https:\/\/jardin.vallonchene.fr\/de\/","logo":{"@type":"ImageObject","inLanguage":"de","@id":"https:\/\/jardin.vallonchene.fr\/de\/#\/schema\/logo\/image\/","url":"https:\/\/jardin.vallonchene.fr\/wp-content\/uploads\/2022\/11\/Logo-JARDIN-Vallonchene-avec-site-R-SVG-SIMPLE.png","contentUrl":"https:\/\/jardin.vallonchene.fr\/wp-content\/uploads\/2022\/11\/Logo-JARDIN-Vallonchene-avec-site-R-SVG-SIMPLE.png","width":926,"height":678,"caption":"Garten von Vallonch\u00eane"},"image":{"@id":"https:\/\/jardin.vallonchene.fr\/de\/#\/schema\/logo\/image\/"}}]}},"_links":{"self":[{"href":"https:\/\/jardin.vallonchene.fr\/de\/wp-json\/wp\/v2\/pages\/2551","targetHints":{"allow":["GET"]}}],"collection":[{"href":"https:\/\/jardin.vallonchene.fr\/de\/wp-json\/wp\/v2\/pages"}],"about":[{"href":"https:\/\/jardin.vallonchene.fr\/de\/wp-json\/wp\/v2\/types\/page"}],"author":[{"embeddable":true,"href":"https:\/\/jardin.vallonchene.fr\/de\/wp-json\/wp\/v2\/users\/1"}],"replies":[{"embeddable":true,"href":"https:\/\/jardin.vallonchene.fr\/de\/wp-json\/wp\/v2\/comments?post=2551"}],"version-history":[{"count":0,"href":"https:\/\/jardin.vallonchene.fr\/de\/wp-json\/wp\/v2\/pages\/2551\/revisions"}],"wp:attachment":[{"href":"https:\/\/jardin.vallonchene.fr\/de\/wp-json\/wp\/v2\/media?parent=2551"}],"curies":[{"name":"wp","href":"https:\/\/api.w.org\/{rel}","templated":true}]}}