{"id":2562,"date":"2025-03-07T10:08:43","date_gmt":"2025-03-07T09:08:43","guid":{"rendered":"https:\/\/jardin.vallonchene.fr\/datenschutzrichtlinie\/"},"modified":"2025-03-08T14:15:45","modified_gmt":"2025-03-08T13:15:45","slug":"datenschutzrichtlinie","status":"publish","type":"page","link":"https:\/\/jardin.vallonchene.fr\/de\/datenschutzrichtlinie\/","title":{"rendered":"Datenschutzrichtlinie"},"content":{"rendered":"\n<p>Im Rahmen ihrer T\u00e4tigkeit erhebt und verarbeitet die Gesellschaft VALLONCH\u00caNE, deren Sitz sich am 1426, chemin d\u2019Atteville, 76440 SOMMERY befindet, Informationen, von denen einige als \u201epersonenbezogene Daten\u201c gelten. VALLONCH\u00caNE legt gro\u00dfen Wert auf den Schutz der Privatsph\u00e4re und verwendet Daten nur verantwortungsvoll, vertraulich und zu einem bestimmten Zweck. <\/p>\n\n<h2 class=\"has-x-large-font-size wp-block-heading\" id=\"donn-es-personnelles\">Personenbezogene Daten<\/h2>\n\n<p>Auf der Website jardin.vallonchene.fr k\u00f6nnen zwei Arten von Daten erfasst werden:<\/p>\n\n<ul class=\"wp-block-list\">\n<li><strong>Direkt \u00fcbermittelte Daten<\/strong> <br\/>Diese Daten \u00fcbermitteln Sie uns direkt \u00fcber ein Kontaktformular, ein Newsletter-Abonnement oder einen direkten E-Mail-Kontakt.<\/li>\n\n\n\n<li><strong>Automatisch erfasste Daten<\/strong> <br\/>W\u00e4hrend Ihrer Besuche k\u00f6nnen wir, nach Ihrer Zustimmung, analytische Informationen \u00fcber Ihr Surfverhalten, die Dauer Ihrer Besuche, Ihre anonymisierte IP-Adresse, Ihren Browsertyp und Ihre Browserversion erfassen. Die verwendete Technologie ist der Cookie. Die verwendete Technologie ist der Cookie.<\/li>\n<\/ul>\n\n<h2 class=\"has-x-large-font-size wp-block-heading\" id=\"utilisation-des-donn-es\">Verwendung der Daten<\/h2>\n\n<p>Die direkt von Ihnen \u00fcbermittelten Daten werden verwendet, um Sie erneut zu kontaktieren und\/oder Ihre Anfrage zu bearbeiten. Analytische Daten werden anonym gesammelt (durch die Aufzeichnung anonymisierter IP-Adressen) mithilfe von <a href=\"https:\/\/fr.matomo.org\/\" target=\"_blank\" rel=\"noreferrer noopener\">Matomo<\/a> (gehostet in Frankreich auf unseren eigenen Servern) und erm\u00f6glichen uns, die Besucherzahlen unserer Website, die Besuche und eventuelle Fehler zu messen, um die Nutzererfahrung st\u00e4ndig zu verbessern. Diese Daten werden ausschlie\u00dflich von VALLONCH\u00caNE, dem Verantwortlichen f\u00fcr die Datenverarbeitung, verwendet und niemals an Dritte weitergegeben oder f\u00fcr andere als die in diesem Dokument aufgef\u00fchrten Zwecke verwendet.  <\/p>\n\n<h2 class=\"has-x-large-font-size wp-block-heading\" id=\"base-l-gale\">Rechtsgrundlage<\/h2>\n\n<p>Personenbezogene Daten werden nur nach obligatorischer Zustimmung des Nutzers erhoben. Diese Zustimmung wird ordnungsgem\u00e4\u00df (\u00fcber Buttons und Checkboxen) frei, klar und unmissverst\u00e4ndlich eingeholt. <\/p>\n\n<h2 class=\"has-x-large-font-size wp-block-heading\" id=\"dur-e-de-conservation\">Speicherdauer<\/h2>\n\n<p>Wir bewahren die Daten der Nutzer nicht l\u00e4nger auf, als f\u00fcr die Erreichung der Zwecke, f\u00fcr die sie erhoben wurden, erforderlich ist.<\/p>\n\n<h2 class=\"has-x-large-font-size wp-block-heading\" id=\"cookies\">Cookies<\/h2>\n\n<p>Wir laden Sie ein, unser Dokument zu unserer <a href=\"https:\/\/jardin.vallonchene.fr\/politique-de-cookies-ue\/\" target=\"_blank\" rel=\"noreferrer noopener\">Cookie-Richtlinie durch Klicken hier zu konsultieren<\/a>.<\/p>\n\n<h2 class=\"has-x-large-font-size wp-block-heading\" id=\"vos-droits-concernant-les-donn-es-personnelles\">Ihre Rechte hinsichtlich personenbezogener Daten<\/h2>\n\n<p>Sie haben das Recht, alle Ihre personenbezogenen Daten einzusehen, zu \u00e4ndern oder zu l\u00f6schen. Sie k\u00f6nnen auch Ihre Einwilligung zur Verarbeitung Ihrer Daten widerrufen. <\/p>\n\n<p>Wenn Sie w\u00fcnschen, dass Ihre Daten in irgendeiner Weise gel\u00f6scht oder ge\u00e4ndert werden, wenden Sie sich bitte an unseren Datenschutzbeauftragten:<\/p>\n\n<p>Christophe MARSILLE<br\/>1426, chemin d&#8217;Atteville, 76440 SOMMERY<br\/>boutique at vallonchene point fr<br\/>+33 (0)2 35 90 02 02<\/p>\n\n<h2 class=\"has-x-large-font-size wp-block-heading\">\u00c4nderungen<\/h2>\n\n<p>Diese Datenschutzrichtlinie kann gelegentlich ge\u00e4ndert werden, um die Einhaltung gesetzlicher Vorschriften zu gew\u00e4hrleisten und \u00c4nderungen in unseren Datenerhebungsprozessen zu ber\u00fccksichtigen. Wir empfehlen unseren Nutzern, diese Richtlinie von Zeit zu Zeit zu \u00fcberpr\u00fcfen, um sicherzustellen, dass sie \u00fcber alle Aktualisierungen informiert sind. Falls erforderlich, k\u00f6nnen wir die Nutzer per E-Mail \u00fcber \u00c4nderungen an dieser Richtlinie informieren.  <\/p>\n\n<h2 class=\"has-x-large-font-size wp-block-heading\" id=\"contact-d-l-gu-la-protection-des-donn-es\">Kontakt<\/h2>\n\n<p>Falls Sie Fragen haben, z\u00f6gern Sie nicht, uns \u00fcber die folgenden Wege zu kontaktieren:<\/p>\n\n<p>Tel. : +33 (0)2 35 90 02 02<br\/>E-Mail: boutique at vallonchene point fr<br\/>Postanschrift: VALLONCH\u00caNE, 1426, chemin d\u2019Atteville, 76440 SOMMERY<\/p>\n\n<p>Date d\u2019entr\u00e9e en vigueur : le 01 novembre 2022<\/p>\n","protected":false},"excerpt":{"rendered":"<p>Im Rahmen ihrer T\u00e4tigkeit erhebt und verarbeitet die Gesellschaft VALLONCH\u00caNE, deren Sitz sich am 1426, chemin d\u2019Atteville, 76440 SOMMERY befindet, Informationen, von denen einige als \u201epersonenbezogene Daten\u201c gelten. VALLONCH\u00caNE legt gro\u00dfen Wert auf den Schutz der Privatsph\u00e4re und verwendet Daten nur verantwortungsvoll, vertraulich und zu einem bestimmten Zweck. Personenbezogene Daten Auf der Website jardin.vallonchene.fr k\u00f6nnen [&hellip;]<\/p>\n","protected":false},"author":1,"featured_media":0,"parent":0,"menu_order":0,"comment_status":"closed","ping_status":"closed","template":"","meta":{"footnotes":""},"class_list":["post-2562","page","type-page","status-publish","hentry"],"yoast_head":"<!-- This site is optimized with the Yoast SEO plugin v27.1.1 - https:\/\/yoast.com\/product\/yoast-seo-wordpress\/ -->\n<title>Datenschutzrichtlinie - Garten von Vallonch\u00eane<\/title>\n<meta name=\"description\" content=\"Erfahren Sie mehr \u00fcber unsere Datenschutzrichtlinie in Bezug auf die Verarbeitung Ihrer auf unserer Website erfassten Daten.\" \/>\n<meta name=\"robots\" content=\"index, follow, max-snippet:-1, max-image-preview:large, max-video-preview:-1\" \/>\n<link rel=\"canonical\" href=\"https:\/\/jardin.vallonchene.fr\/de\/datenschutzrichtlinie\/\" \/>\n<meta property=\"og:locale\" content=\"de_DE\" \/>\n<meta property=\"og:type\" content=\"article\" \/>\n<meta property=\"og:title\" content=\"Datenschutzrichtlinie - Garten von Vallonch\u00eane\" \/>\n<meta property=\"og:description\" content=\"Erfahren Sie mehr \u00fcber unsere Datenschutzrichtlinie in Bezug auf die Verarbeitung Ihrer auf unserer Website erfassten Daten.\" \/>\n<meta property=\"og:url\" content=\"https:\/\/jardin.vallonchene.fr\/de\/datenschutzrichtlinie\/\" \/>\n<meta property=\"og:site_name\" content=\"Garten von Vallonch\u00eane\" \/>\n<meta property=\"article:modified_time\" content=\"2025-03-08T13:15:45+00:00\" \/>\n<meta name=\"twitter:card\" content=\"summary_large_image\" \/>\n<meta name=\"twitter:label1\" content=\"Gesch\u00e4tzte Lesezeit\" \/>\n\t<meta name=\"twitter:data1\" content=\"2\u00a0Minuten\" \/>\n<script type=\"application\/ld+json\" class=\"yoast-schema-graph\">{\"@context\":\"https:\/\/schema.org\",\"@graph\":[{\"@type\":\"WebPage\",\"@id\":\"https:\/\/jardin.vallonchene.fr\/de\/datenschutzrichtlinie\/\",\"url\":\"https:\/\/jardin.vallonchene.fr\/de\/datenschutzrichtlinie\/\",\"name\":\"Datenschutzrichtlinie - Garten von Vallonch\u00eane\",\"isPartOf\":{\"@id\":\"https:\/\/jardin.vallonchene.fr\/de\/#website\"},\"datePublished\":\"2025-03-07T09:08:43+00:00\",\"dateModified\":\"2025-03-08T13:15:45+00:00\",\"description\":\"Erfahren Sie mehr \u00fcber unsere Datenschutzrichtlinie in Bezug auf die Verarbeitung Ihrer auf unserer Website erfassten Daten.\",\"breadcrumb\":{\"@id\":\"https:\/\/jardin.vallonchene.fr\/de\/datenschutzrichtlinie\/#breadcrumb\"},\"inLanguage\":\"de\",\"potentialAction\":[{\"@type\":\"ReadAction\",\"target\":[\"https:\/\/jardin.vallonchene.fr\/de\/datenschutzrichtlinie\/\"]}]},{\"@type\":\"BreadcrumbList\",\"@id\":\"https:\/\/jardin.vallonchene.fr\/de\/datenschutzrichtlinie\/#breadcrumb\",\"itemListElement\":[{\"@type\":\"ListItem\",\"position\":1,\"name\":\"Accueil\",\"item\":\"https:\/\/jardin.vallonchene.fr\/de\/\"},{\"@type\":\"ListItem\",\"position\":2,\"name\":\"Datenschutzrichtlinie\"}]},{\"@type\":\"WebSite\",\"@id\":\"https:\/\/jardin.vallonchene.fr\/de\/#website\",\"url\":\"https:\/\/jardin.vallonchene.fr\/de\/\",\"name\":\"Garten von Vallonch\u00eane\",\"description\":\"\",\"publisher\":{\"@id\":\"https:\/\/jardin.vallonchene.fr\/de\/#organization\"},\"potentialAction\":[{\"@type\":\"SearchAction\",\"target\":{\"@type\":\"EntryPoint\",\"urlTemplate\":\"https:\/\/jardin.vallonchene.fr\/de\/?s={search_term_string}\"},\"query-input\":{\"@type\":\"PropertyValueSpecification\",\"valueRequired\":true,\"valueName\":\"search_term_string\"}}],\"inLanguage\":\"de\"},{\"@type\":\"Organization\",\"@id\":\"https:\/\/jardin.vallonchene.fr\/de\/#organization\",\"name\":\"Garten von Vallonch\u00eane\",\"url\":\"https:\/\/jardin.vallonchene.fr\/de\/\",\"logo\":{\"@type\":\"ImageObject\",\"inLanguage\":\"de\",\"@id\":\"https:\/\/jardin.vallonchene.fr\/de\/#\/schema\/logo\/image\/\",\"url\":\"https:\/\/jardin.vallonchene.fr\/wp-content\/uploads\/2022\/11\/Logo-JARDIN-Vallonchene-avec-site-R-SVG-SIMPLE.png\",\"contentUrl\":\"https:\/\/jardin.vallonchene.fr\/wp-content\/uploads\/2022\/11\/Logo-JARDIN-Vallonchene-avec-site-R-SVG-SIMPLE.png\",\"width\":926,\"height\":678,\"caption\":\"Garten von Vallonch\u00eane\"},\"image\":{\"@id\":\"https:\/\/jardin.vallonchene.fr\/de\/#\/schema\/logo\/image\/\"}}]}<\/script>\n<!-- \/ Yoast SEO plugin. -->","yoast_head_json":{"title":"Datenschutzrichtlinie - Garten von Vallonch\u00eane","description":"Erfahren Sie mehr \u00fcber unsere Datenschutzrichtlinie in Bezug auf die Verarbeitung Ihrer auf unserer Website erfassten Daten.","robots":{"index":"index","follow":"follow","max-snippet":"max-snippet:-1","max-image-preview":"max-image-preview:large","max-video-preview":"max-video-preview:-1"},"canonical":"https:\/\/jardin.vallonchene.fr\/de\/datenschutzrichtlinie\/","og_locale":"de_DE","og_type":"article","og_title":"Datenschutzrichtlinie - Garten von Vallonch\u00eane","og_description":"Erfahren Sie mehr \u00fcber unsere Datenschutzrichtlinie in Bezug auf die Verarbeitung Ihrer auf unserer Website erfassten Daten.","og_url":"https:\/\/jardin.vallonchene.fr\/de\/datenschutzrichtlinie\/","og_site_name":"Garten von Vallonch\u00eane","article_modified_time":"2025-03-08T13:15:45+00:00","twitter_card":"summary_large_image","twitter_misc":{"Gesch\u00e4tzte Lesezeit":"2\u00a0Minuten"},"schema":{"@context":"https:\/\/schema.org","@graph":[{"@type":"WebPage","@id":"https:\/\/jardin.vallonchene.fr\/de\/datenschutzrichtlinie\/","url":"https:\/\/jardin.vallonchene.fr\/de\/datenschutzrichtlinie\/","name":"Datenschutzrichtlinie - Garten von Vallonch\u00eane","isPartOf":{"@id":"https:\/\/jardin.vallonchene.fr\/de\/#website"},"datePublished":"2025-03-07T09:08:43+00:00","dateModified":"2025-03-08T13:15:45+00:00","description":"Erfahren Sie mehr \u00fcber unsere Datenschutzrichtlinie in Bezug auf die Verarbeitung Ihrer auf unserer Website erfassten Daten.","breadcrumb":{"@id":"https:\/\/jardin.vallonchene.fr\/de\/datenschutzrichtlinie\/#breadcrumb"},"inLanguage":"de","potentialAction":[{"@type":"ReadAction","target":["https:\/\/jardin.vallonchene.fr\/de\/datenschutzrichtlinie\/"]}]},{"@type":"BreadcrumbList","@id":"https:\/\/jardin.vallonchene.fr\/de\/datenschutzrichtlinie\/#breadcrumb","itemListElement":[{"@type":"ListItem","position":1,"name":"Accueil","item":"https:\/\/jardin.vallonchene.fr\/de\/"},{"@type":"ListItem","position":2,"name":"Datenschutzrichtlinie"}]},{"@type":"WebSite","@id":"https:\/\/jardin.vallonchene.fr\/de\/#website","url":"https:\/\/jardin.vallonchene.fr\/de\/","name":"Garten von Vallonch\u00eane","description":"","publisher":{"@id":"https:\/\/jardin.vallonchene.fr\/de\/#organization"},"potentialAction":[{"@type":"SearchAction","target":{"@type":"EntryPoint","urlTemplate":"https:\/\/jardin.vallonchene.fr\/de\/?s={search_term_string}"},"query-input":{"@type":"PropertyValueSpecification","valueRequired":true,"valueName":"search_term_string"}}],"inLanguage":"de"},{"@type":"Organization","@id":"https:\/\/jardin.vallonchene.fr\/de\/#organization","name":"Garten von Vallonch\u00eane","url":"https:\/\/jardin.vallonchene.fr\/de\/","logo":{"@type":"ImageObject","inLanguage":"de","@id":"https:\/\/jardin.vallonchene.fr\/de\/#\/schema\/logo\/image\/","url":"https:\/\/jardin.vallonchene.fr\/wp-content\/uploads\/2022\/11\/Logo-JARDIN-Vallonchene-avec-site-R-SVG-SIMPLE.png","contentUrl":"https:\/\/jardin.vallonchene.fr\/wp-content\/uploads\/2022\/11\/Logo-JARDIN-Vallonchene-avec-site-R-SVG-SIMPLE.png","width":926,"height":678,"caption":"Garten von Vallonch\u00eane"},"image":{"@id":"https:\/\/jardin.vallonchene.fr\/de\/#\/schema\/logo\/image\/"}}]}},"_links":{"self":[{"href":"https:\/\/jardin.vallonchene.fr\/de\/wp-json\/wp\/v2\/pages\/2562","targetHints":{"allow":["GET"]}}],"collection":[{"href":"https:\/\/jardin.vallonchene.fr\/de\/wp-json\/wp\/v2\/pages"}],"about":[{"href":"https:\/\/jardin.vallonchene.fr\/de\/wp-json\/wp\/v2\/types\/page"}],"author":[{"embeddable":true,"href":"https:\/\/jardin.vallonchene.fr\/de\/wp-json\/wp\/v2\/users\/1"}],"replies":[{"embeddable":true,"href":"https:\/\/jardin.vallonchene.fr\/de\/wp-json\/wp\/v2\/comments?post=2562"}],"version-history":[{"count":0,"href":"https:\/\/jardin.vallonchene.fr\/de\/wp-json\/wp\/v2\/pages\/2562\/revisions"}],"wp:attachment":[{"href":"https:\/\/jardin.vallonchene.fr\/de\/wp-json\/wp\/v2\/media?parent=2562"}],"curies":[{"name":"wp","href":"https:\/\/api.w.org\/{rel}","templated":true}]}}