{"id":2588,"date":"2025-03-08T14:48:31","date_gmt":"2025-03-08T13:48:31","guid":{"rendered":"https:\/\/jardin.vallonchene.fr\/besichtigungen\/"},"modified":"2025-11-06T14:19:42","modified_gmt":"2025-11-06T13:19:42","slug":"besichtigungen","status":"publish","type":"page","link":"https:\/\/jardin.vallonchene.fr\/de\/besichtigungen\/","title":{"rendered":"Besichtigungen"},"content":{"rendered":"\n<p>Um den Garten von Vallonch\u00eane zu entdecken, werden p\u00e4dagogische <strong><span style=\"text-decoration: underline;\">F\u00fchrungen nach vorheriger Reservierung<\/span><\/strong> angeboten. Lassen Sie sich von der Leidenschaft der Begleiterr mitrei\u00dfen und genie\u00dfen Sie einen unvergesslichen Moment voller Entdeckung und Lernen.<\/p>\n\n<h2 class=\"wp-block-heading\">Praktische Informationen<\/h2>\n\n<div class=\"wp-block-buttons is-layout-flex wp-block-buttons-is-layout-flex\">\n<div class=\"wp-block-button is-style-fill\"><a class=\"wp-block-button__link has-base-color has-contrast-background-color has-text-color has-background wp-element-button\" href=\"https:\/\/jardin.vallonchene.fr\/de\/kontakt\/\"><strong>Klicken Sie hier, um uns zu kontaktieren<\/strong><\/a><\/div>\n<\/div>\n\n<ul class=\"wp-block-list\">\n<li>F\u00fchrungen nur nach Reservierung verf\u00fcgbar<\/li>\n\n\n\n<li>Reservierungen unter <strong><a href=\"tel:+33235900202\">+33 (0)2.35.90.02.02<\/a><\/strong> oder durch das <strong><a href=\"https:\/\/jardin.vallonchene.fr\/de\/kontakt\/\">Senden einer Nachricht, indem Sie hier klicken<\/a><\/strong><\/li>\n\n\n\n<li>Dauer der Besichtigung: ca. 1 Stunde und 30 Minuten<\/li>\n\n\n\n<li>Preis: ab 82 \u20ac f\u00fcr bis zu 4 Personen und 18,50 \u20ac f\u00fcr jede weitere Person. Die Zahlung muss bei der Reservierung per Karte oder in bar erfolgen. Die Reservierung ist nicht erstattungsf\u00e4hig, au\u00dfer im Falle einer Stornierung unsererseits.  <\/li>\n\n\n\n<li>Treffpunkt: <a href=\"https:\/\/jardin.vallonchene.fr\/de\/kontakt\/\">Baumschule Vallonch\u00eane<\/a> (dort k\u00f6nnen Sie auch Ihr Fahrzeug parken)<\/li>\n\n\n\n<li>Tragen Sie bitte wettergerechte Kleidung und bequeme Wanderschuhe<\/li>\n\n\n\n<li>Aufgrund der steilen Beschaffenheit des Gel\u00e4ndes ist die Besichtigung f\u00fcr Personen mit eingeschr\u00e4nkter Mobilit\u00e4t, Rollst\u00fchle und Kinderwagen ungeeignet.<\/li>\n\n\n\n<li>Unsere tierischen Freunde sind bei der Besichtigung leider nicht erlaubt.<\/li>\n<\/ul>\n","protected":false},"excerpt":{"rendered":"<p>Um den Garten von Vallonch\u00eane zu entdecken, werden p\u00e4dagogische F\u00fchrungen nach vorheriger Reservierung angeboten. Lassen Sie sich von der Leidenschaft der Begleiterr mitrei\u00dfen und genie\u00dfen Sie einen unvergesslichen Moment voller Entdeckung und Lernen. Praktische Informationen<\/p>\n","protected":false},"author":1,"featured_media":0,"parent":0,"menu_order":0,"comment_status":"closed","ping_status":"closed","template":"","meta":{"footnotes":""},"class_list":["post-2588","page","type-page","status-publish","hentry"],"yoast_head":"<!-- This site is optimized with the Yoast SEO plugin v27.1.1 - https:\/\/yoast.com\/product\/yoast-seo-wordpress\/ -->\n<title>Besichtigungen - Garten von Vallonch\u00eane<\/title>\n<meta name=\"description\" content=\"Entdecken Sie alle notwendigen praktischen Informationen zu den gef\u00fchrten Besichtigungen sowie zu Preisen und Bedingungen.\" \/>\n<meta name=\"robots\" content=\"index, follow, max-snippet:-1, max-image-preview:large, max-video-preview:-1\" \/>\n<link rel=\"canonical\" href=\"https:\/\/jardin.vallonchene.fr\/de\/besichtigungen\/\" \/>\n<meta property=\"og:locale\" content=\"de_DE\" \/>\n<meta property=\"og:type\" content=\"article\" \/>\n<meta property=\"og:title\" content=\"Besichtigungen - Garten von Vallonch\u00eane\" \/>\n<meta property=\"og:description\" content=\"Entdecken Sie alle notwendigen praktischen Informationen zu den gef\u00fchrten Besichtigungen sowie zu Preisen und Bedingungen.\" \/>\n<meta property=\"og:url\" content=\"https:\/\/jardin.vallonchene.fr\/de\/besichtigungen\/\" \/>\n<meta property=\"og:site_name\" content=\"Garten von Vallonch\u00eane\" \/>\n<meta property=\"article:modified_time\" content=\"2025-11-06T13:19:42+00:00\" \/>\n<meta name=\"twitter:card\" content=\"summary_large_image\" \/>\n<meta name=\"twitter:label1\" content=\"Gesch\u00e4tzte Lesezeit\" \/>\n\t<meta name=\"twitter:data1\" content=\"1\u00a0Minute\" \/>\n<script type=\"application\/ld+json\" class=\"yoast-schema-graph\">{\"@context\":\"https:\/\/schema.org\",\"@graph\":[{\"@type\":\"WebPage\",\"@id\":\"https:\/\/jardin.vallonchene.fr\/de\/besichtigungen\/\",\"url\":\"https:\/\/jardin.vallonchene.fr\/de\/besichtigungen\/\",\"name\":\"Besichtigungen - Garten von Vallonch\u00eane\",\"isPartOf\":{\"@id\":\"https:\/\/jardin.vallonchene.fr\/de\/#website\"},\"datePublished\":\"2025-03-08T13:48:31+00:00\",\"dateModified\":\"2025-11-06T13:19:42+00:00\",\"description\":\"Entdecken Sie alle notwendigen praktischen Informationen zu den gef\u00fchrten Besichtigungen sowie zu Preisen und Bedingungen.\",\"breadcrumb\":{\"@id\":\"https:\/\/jardin.vallonchene.fr\/de\/besichtigungen\/#breadcrumb\"},\"inLanguage\":\"de\",\"potentialAction\":[{\"@type\":\"ReadAction\",\"target\":[\"https:\/\/jardin.vallonchene.fr\/de\/besichtigungen\/\"]}]},{\"@type\":\"BreadcrumbList\",\"@id\":\"https:\/\/jardin.vallonchene.fr\/de\/besichtigungen\/#breadcrumb\",\"itemListElement\":[{\"@type\":\"ListItem\",\"position\":1,\"name\":\"Accueil\",\"item\":\"https:\/\/jardin.vallonchene.fr\/de\/\"},{\"@type\":\"ListItem\",\"position\":2,\"name\":\"Besichtigungen\"}]},{\"@type\":\"WebSite\",\"@id\":\"https:\/\/jardin.vallonchene.fr\/de\/#website\",\"url\":\"https:\/\/jardin.vallonchene.fr\/de\/\",\"name\":\"Garten von Vallonch\u00eane\",\"description\":\"\",\"publisher\":{\"@id\":\"https:\/\/jardin.vallonchene.fr\/de\/#organization\"},\"potentialAction\":[{\"@type\":\"SearchAction\",\"target\":{\"@type\":\"EntryPoint\",\"urlTemplate\":\"https:\/\/jardin.vallonchene.fr\/de\/?s={search_term_string}\"},\"query-input\":{\"@type\":\"PropertyValueSpecification\",\"valueRequired\":true,\"valueName\":\"search_term_string\"}}],\"inLanguage\":\"de\"},{\"@type\":\"Organization\",\"@id\":\"https:\/\/jardin.vallonchene.fr\/de\/#organization\",\"name\":\"Garten von Vallonch\u00eane\",\"url\":\"https:\/\/jardin.vallonchene.fr\/de\/\",\"logo\":{\"@type\":\"ImageObject\",\"inLanguage\":\"de\",\"@id\":\"https:\/\/jardin.vallonchene.fr\/de\/#\/schema\/logo\/image\/\",\"url\":\"https:\/\/jardin.vallonchene.fr\/wp-content\/uploads\/2022\/11\/Logo-JARDIN-Vallonchene-avec-site-R-SVG-SIMPLE.png\",\"contentUrl\":\"https:\/\/jardin.vallonchene.fr\/wp-content\/uploads\/2022\/11\/Logo-JARDIN-Vallonchene-avec-site-R-SVG-SIMPLE.png\",\"width\":926,\"height\":678,\"caption\":\"Garten von Vallonch\u00eane\"},\"image\":{\"@id\":\"https:\/\/jardin.vallonchene.fr\/de\/#\/schema\/logo\/image\/\"}}]}<\/script>\n<!-- \/ Yoast SEO plugin. -->","yoast_head_json":{"title":"Besichtigungen - Garten von Vallonch\u00eane","description":"Entdecken Sie alle notwendigen praktischen Informationen zu den gef\u00fchrten Besichtigungen sowie zu Preisen und Bedingungen.","robots":{"index":"index","follow":"follow","max-snippet":"max-snippet:-1","max-image-preview":"max-image-preview:large","max-video-preview":"max-video-preview:-1"},"canonical":"https:\/\/jardin.vallonchene.fr\/de\/besichtigungen\/","og_locale":"de_DE","og_type":"article","og_title":"Besichtigungen - Garten von Vallonch\u00eane","og_description":"Entdecken Sie alle notwendigen praktischen Informationen zu den gef\u00fchrten Besichtigungen sowie zu Preisen und Bedingungen.","og_url":"https:\/\/jardin.vallonchene.fr\/de\/besichtigungen\/","og_site_name":"Garten von Vallonch\u00eane","article_modified_time":"2025-11-06T13:19:42+00:00","twitter_card":"summary_large_image","twitter_misc":{"Gesch\u00e4tzte Lesezeit":"1\u00a0Minute"},"schema":{"@context":"https:\/\/schema.org","@graph":[{"@type":"WebPage","@id":"https:\/\/jardin.vallonchene.fr\/de\/besichtigungen\/","url":"https:\/\/jardin.vallonchene.fr\/de\/besichtigungen\/","name":"Besichtigungen - Garten von Vallonch\u00eane","isPartOf":{"@id":"https:\/\/jardin.vallonchene.fr\/de\/#website"},"datePublished":"2025-03-08T13:48:31+00:00","dateModified":"2025-11-06T13:19:42+00:00","description":"Entdecken Sie alle notwendigen praktischen Informationen zu den gef\u00fchrten Besichtigungen sowie zu Preisen und Bedingungen.","breadcrumb":{"@id":"https:\/\/jardin.vallonchene.fr\/de\/besichtigungen\/#breadcrumb"},"inLanguage":"de","potentialAction":[{"@type":"ReadAction","target":["https:\/\/jardin.vallonchene.fr\/de\/besichtigungen\/"]}]},{"@type":"BreadcrumbList","@id":"https:\/\/jardin.vallonchene.fr\/de\/besichtigungen\/#breadcrumb","itemListElement":[{"@type":"ListItem","position":1,"name":"Accueil","item":"https:\/\/jardin.vallonchene.fr\/de\/"},{"@type":"ListItem","position":2,"name":"Besichtigungen"}]},{"@type":"WebSite","@id":"https:\/\/jardin.vallonchene.fr\/de\/#website","url":"https:\/\/jardin.vallonchene.fr\/de\/","name":"Garten von Vallonch\u00eane","description":"","publisher":{"@id":"https:\/\/jardin.vallonchene.fr\/de\/#organization"},"potentialAction":[{"@type":"SearchAction","target":{"@type":"EntryPoint","urlTemplate":"https:\/\/jardin.vallonchene.fr\/de\/?s={search_term_string}"},"query-input":{"@type":"PropertyValueSpecification","valueRequired":true,"valueName":"search_term_string"}}],"inLanguage":"de"},{"@type":"Organization","@id":"https:\/\/jardin.vallonchene.fr\/de\/#organization","name":"Garten von Vallonch\u00eane","url":"https:\/\/jardin.vallonchene.fr\/de\/","logo":{"@type":"ImageObject","inLanguage":"de","@id":"https:\/\/jardin.vallonchene.fr\/de\/#\/schema\/logo\/image\/","url":"https:\/\/jardin.vallonchene.fr\/wp-content\/uploads\/2022\/11\/Logo-JARDIN-Vallonchene-avec-site-R-SVG-SIMPLE.png","contentUrl":"https:\/\/jardin.vallonchene.fr\/wp-content\/uploads\/2022\/11\/Logo-JARDIN-Vallonchene-avec-site-R-SVG-SIMPLE.png","width":926,"height":678,"caption":"Garten von Vallonch\u00eane"},"image":{"@id":"https:\/\/jardin.vallonchene.fr\/de\/#\/schema\/logo\/image\/"}}]}},"_links":{"self":[{"href":"https:\/\/jardin.vallonchene.fr\/de\/wp-json\/wp\/v2\/pages\/2588","targetHints":{"allow":["GET"]}}],"collection":[{"href":"https:\/\/jardin.vallonchene.fr\/de\/wp-json\/wp\/v2\/pages"}],"about":[{"href":"https:\/\/jardin.vallonchene.fr\/de\/wp-json\/wp\/v2\/types\/page"}],"author":[{"embeddable":true,"href":"https:\/\/jardin.vallonchene.fr\/de\/wp-json\/wp\/v2\/users\/1"}],"replies":[{"embeddable":true,"href":"https:\/\/jardin.vallonchene.fr\/de\/wp-json\/wp\/v2\/comments?post=2588"}],"version-history":[{"count":4,"href":"https:\/\/jardin.vallonchene.fr\/de\/wp-json\/wp\/v2\/pages\/2588\/revisions"}],"predecessor-version":[{"id":2656,"href":"https:\/\/jardin.vallonchene.fr\/de\/wp-json\/wp\/v2\/pages\/2588\/revisions\/2656"}],"wp:attachment":[{"href":"https:\/\/jardin.vallonchene.fr\/de\/wp-json\/wp\/v2\/media?parent=2588"}],"curies":[{"name":"wp","href":"https:\/\/api.w.org\/{rel}","templated":true}]}}