{"id":2549,"date":"2025-03-07T10:08:43","date_gmt":"2025-03-07T09:08:43","guid":{"rendered":"https:\/\/jardin.vallonchene.fr\/legal-notice\/"},"modified":"2025-03-08T11:37:10","modified_gmt":"2025-03-08T10:37:10","slug":"legal-notice","status":"publish","type":"page","link":"https:\/\/jardin.vallonchene.fr\/en\/legal-notice\/","title":{"rendered":"Legal Notice"},"content":{"rendered":"\n<h3 class=\"wp-block-heading\">Owner and editor of this site<\/h3>\n\n<p>VALLONCHENE SARL<br\/>1426, chemin d&#8217;Atteville<br\/>76440 SOMMERY (France)<\/p>\n\n<p>T\u00e9l. : +33 (0)2 35 90 02 02<br\/>E-mail : office arobase vallonchene point fr<br\/><br\/>R.C.S. de Dieppe<br\/>N\u00b0 Siret : 494 545 023 00017<br\/><br\/>Tous droits r\u00e9serv\u00e9s 2021. Les photos sur ce site ne sont pas contractuelles et la propri\u00e9t\u00e9 de Vallonch\u00eane ou de ses partenaires.<br\/><br\/>La reproduction, copie et utilisation du contenu et\/ou des images sur jardin.vallonchene.fr est interdite sans accord \u00e9crit.<\/p>\n\n<h3 class=\"wp-block-heading\">Publication Manager<\/h3>\n\n<p>Christophe MARSILLE<\/p>\n\n<h3 class=\"wp-block-heading\">Hosting of the site<\/h3>\n\n<p>The site jardin.vallonchene.fr is hosted on servers in France by the company OVH SAS, 2 rue Kellermann \u2013 BP 80157 59053 ROUBAIX CEDEX 1 (France).<\/p>\n\n<p>The storage of Users&#8217; personal data is exclusively carried out in OVH&#8217;s data centers located in European Union member states.<\/p>\n","protected":false},"excerpt":{"rendered":"<p>Owner and editor of this site VALLONCHENE SARL1426, chemin d&#8217;Atteville76440 SOMMERY (France) T\u00e9l. : +33 (0)2 35 90 02 02E-mail : office arobase vallonchene point fr R.C.S. de DieppeN\u00b0 Siret : 494 545 023 00017 Tous droits r\u00e9serv\u00e9s 2021. Les photos sur ce site ne sont pas contractuelles et la propri\u00e9t\u00e9 de Vallonch\u00eane ou de [&hellip;]<\/p>\n","protected":false},"author":1,"featured_media":0,"parent":0,"menu_order":0,"comment_status":"closed","ping_status":"closed","template":"","meta":{"footnotes":""},"class_list":["post-2549","page","type-page","status-publish","hentry"],"yoast_head":"<!-- This site is optimized with the Yoast SEO plugin v27.1.1 - https:\/\/yoast.com\/product\/yoast-seo-wordpress\/ -->\n<title>Legal Notice - Vallonch\u00eane Garden<\/title>\n<meta name=\"robots\" content=\"index, follow, max-snippet:-1, max-image-preview:large, max-video-preview:-1\" \/>\n<link rel=\"canonical\" href=\"https:\/\/jardin.vallonchene.fr\/en\/legal-notice\/\" \/>\n<meta property=\"og:locale\" content=\"en_US\" \/>\n<meta property=\"og:type\" content=\"article\" \/>\n<meta property=\"og:title\" content=\"Legal Notice - Vallonch\u00eane Garden\" \/>\n<meta property=\"og:description\" content=\"Owner and editor of this site VALLONCHENE SARL1426, chemin d&#8217;Atteville76440 SOMMERY (France) T\u00e9l. : +33 (0)2 35 90 02 02E-mail : office arobase vallonchene point fr R.C.S. de DieppeN\u00b0 Siret : 494 545 023 00017 Tous droits r\u00e9serv\u00e9s 2021. Les photos sur ce site ne sont pas contractuelles et la propri\u00e9t\u00e9 de Vallonch\u00eane ou de [&hellip;]\" \/>\n<meta property=\"og:url\" content=\"https:\/\/jardin.vallonchene.fr\/en\/legal-notice\/\" \/>\n<meta property=\"og:site_name\" content=\"Vallonch\u00eane Garden\" \/>\n<meta property=\"article:modified_time\" content=\"2025-03-08T10:37:10+00:00\" \/>\n<meta name=\"twitter:card\" content=\"summary_large_image\" \/>\n<meta name=\"twitter:label1\" content=\"Est. reading time\" \/>\n\t<meta name=\"twitter:data1\" content=\"1 minute\" \/>\n<script type=\"application\/ld+json\" class=\"yoast-schema-graph\">{\"@context\":\"https:\/\/schema.org\",\"@graph\":[{\"@type\":\"WebPage\",\"@id\":\"https:\/\/jardin.vallonchene.fr\/en\/legal-notice\/\",\"url\":\"https:\/\/jardin.vallonchene.fr\/en\/legal-notice\/\",\"name\":\"Legal Notice - Vallonch\u00eane Garden\",\"isPartOf\":{\"@id\":\"https:\/\/jardin.vallonchene.fr\/en\/#website\"},\"datePublished\":\"2025-03-07T09:08:43+00:00\",\"dateModified\":\"2025-03-08T10:37:10+00:00\",\"breadcrumb\":{\"@id\":\"https:\/\/jardin.vallonchene.fr\/en\/legal-notice\/#breadcrumb\"},\"inLanguage\":\"en-US\",\"potentialAction\":[{\"@type\":\"ReadAction\",\"target\":[\"https:\/\/jardin.vallonchene.fr\/en\/legal-notice\/\"]}]},{\"@type\":\"BreadcrumbList\",\"@id\":\"https:\/\/jardin.vallonchene.fr\/en\/legal-notice\/#breadcrumb\",\"itemListElement\":[{\"@type\":\"ListItem\",\"position\":1,\"name\":\"Accueil\",\"item\":\"https:\/\/jardin.vallonchene.fr\/en\/\"},{\"@type\":\"ListItem\",\"position\":2,\"name\":\"Legal Notice\"}]},{\"@type\":\"WebSite\",\"@id\":\"https:\/\/jardin.vallonchene.fr\/en\/#website\",\"url\":\"https:\/\/jardin.vallonchene.fr\/en\/\",\"name\":\"Vallonch\u00eane Garden\",\"description\":\"\",\"publisher\":{\"@id\":\"https:\/\/jardin.vallonchene.fr\/en\/#organization\"},\"potentialAction\":[{\"@type\":\"SearchAction\",\"target\":{\"@type\":\"EntryPoint\",\"urlTemplate\":\"https:\/\/jardin.vallonchene.fr\/en\/?s={search_term_string}\"},\"query-input\":{\"@type\":\"PropertyValueSpecification\",\"valueRequired\":true,\"valueName\":\"search_term_string\"}}],\"inLanguage\":\"en-US\"},{\"@type\":\"Organization\",\"@id\":\"https:\/\/jardin.vallonchene.fr\/en\/#organization\",\"name\":\"Vallonch\u00eane Garden\",\"url\":\"https:\/\/jardin.vallonchene.fr\/en\/\",\"logo\":{\"@type\":\"ImageObject\",\"inLanguage\":\"en-US\",\"@id\":\"https:\/\/jardin.vallonchene.fr\/en\/#\/schema\/logo\/image\/\",\"url\":\"https:\/\/jardin.vallonchene.fr\/wp-content\/uploads\/2022\/11\/Logo-JARDIN-Vallonchene-avec-site-R-SVG-SIMPLE.png\",\"contentUrl\":\"https:\/\/jardin.vallonchene.fr\/wp-content\/uploads\/2022\/11\/Logo-JARDIN-Vallonchene-avec-site-R-SVG-SIMPLE.png\",\"width\":926,\"height\":678,\"caption\":\"Vallonch\u00eane Garden\"},\"image\":{\"@id\":\"https:\/\/jardin.vallonchene.fr\/en\/#\/schema\/logo\/image\/\"}}]}<\/script>\n<!-- \/ Yoast SEO plugin. -->","yoast_head_json":{"title":"Legal Notice - Vallonch\u00eane Garden","robots":{"index":"index","follow":"follow","max-snippet":"max-snippet:-1","max-image-preview":"max-image-preview:large","max-video-preview":"max-video-preview:-1"},"canonical":"https:\/\/jardin.vallonchene.fr\/en\/legal-notice\/","og_locale":"en_US","og_type":"article","og_title":"Legal Notice - Vallonch\u00eane Garden","og_description":"Owner and editor of this site VALLONCHENE SARL1426, chemin d&#8217;Atteville76440 SOMMERY (France) T\u00e9l. : +33 (0)2 35 90 02 02E-mail : office arobase vallonchene point fr R.C.S. de DieppeN\u00b0 Siret : 494 545 023 00017 Tous droits r\u00e9serv\u00e9s 2021. Les photos sur ce site ne sont pas contractuelles et la propri\u00e9t\u00e9 de Vallonch\u00eane ou de [&hellip;]","og_url":"https:\/\/jardin.vallonchene.fr\/en\/legal-notice\/","og_site_name":"Vallonch\u00eane Garden","article_modified_time":"2025-03-08T10:37:10+00:00","twitter_card":"summary_large_image","twitter_misc":{"Est. reading time":"1 minute"},"schema":{"@context":"https:\/\/schema.org","@graph":[{"@type":"WebPage","@id":"https:\/\/jardin.vallonchene.fr\/en\/legal-notice\/","url":"https:\/\/jardin.vallonchene.fr\/en\/legal-notice\/","name":"Legal Notice - Vallonch\u00eane Garden","isPartOf":{"@id":"https:\/\/jardin.vallonchene.fr\/en\/#website"},"datePublished":"2025-03-07T09:08:43+00:00","dateModified":"2025-03-08T10:37:10+00:00","breadcrumb":{"@id":"https:\/\/jardin.vallonchene.fr\/en\/legal-notice\/#breadcrumb"},"inLanguage":"en-US","potentialAction":[{"@type":"ReadAction","target":["https:\/\/jardin.vallonchene.fr\/en\/legal-notice\/"]}]},{"@type":"BreadcrumbList","@id":"https:\/\/jardin.vallonchene.fr\/en\/legal-notice\/#breadcrumb","itemListElement":[{"@type":"ListItem","position":1,"name":"Accueil","item":"https:\/\/jardin.vallonchene.fr\/en\/"},{"@type":"ListItem","position":2,"name":"Legal Notice"}]},{"@type":"WebSite","@id":"https:\/\/jardin.vallonchene.fr\/en\/#website","url":"https:\/\/jardin.vallonchene.fr\/en\/","name":"Vallonch\u00eane Garden","description":"","publisher":{"@id":"https:\/\/jardin.vallonchene.fr\/en\/#organization"},"potentialAction":[{"@type":"SearchAction","target":{"@type":"EntryPoint","urlTemplate":"https:\/\/jardin.vallonchene.fr\/en\/?s={search_term_string}"},"query-input":{"@type":"PropertyValueSpecification","valueRequired":true,"valueName":"search_term_string"}}],"inLanguage":"en-US"},{"@type":"Organization","@id":"https:\/\/jardin.vallonchene.fr\/en\/#organization","name":"Vallonch\u00eane Garden","url":"https:\/\/jardin.vallonchene.fr\/en\/","logo":{"@type":"ImageObject","inLanguage":"en-US","@id":"https:\/\/jardin.vallonchene.fr\/en\/#\/schema\/logo\/image\/","url":"https:\/\/jardin.vallonchene.fr\/wp-content\/uploads\/2022\/11\/Logo-JARDIN-Vallonchene-avec-site-R-SVG-SIMPLE.png","contentUrl":"https:\/\/jardin.vallonchene.fr\/wp-content\/uploads\/2022\/11\/Logo-JARDIN-Vallonchene-avec-site-R-SVG-SIMPLE.png","width":926,"height":678,"caption":"Vallonch\u00eane Garden"},"image":{"@id":"https:\/\/jardin.vallonchene.fr\/en\/#\/schema\/logo\/image\/"}}]}},"_links":{"self":[{"href":"https:\/\/jardin.vallonchene.fr\/en\/wp-json\/wp\/v2\/pages\/2549","targetHints":{"allow":["GET"]}}],"collection":[{"href":"https:\/\/jardin.vallonchene.fr\/en\/wp-json\/wp\/v2\/pages"}],"about":[{"href":"https:\/\/jardin.vallonchene.fr\/en\/wp-json\/wp\/v2\/types\/page"}],"author":[{"embeddable":true,"href":"https:\/\/jardin.vallonchene.fr\/en\/wp-json\/wp\/v2\/users\/1"}],"replies":[{"embeddable":true,"href":"https:\/\/jardin.vallonchene.fr\/en\/wp-json\/wp\/v2\/comments?post=2549"}],"version-history":[{"count":0,"href":"https:\/\/jardin.vallonchene.fr\/en\/wp-json\/wp\/v2\/pages\/2549\/revisions"}],"wp:attachment":[{"href":"https:\/\/jardin.vallonchene.fr\/en\/wp-json\/wp\/v2\/media?parent=2549"}],"curies":[{"name":"wp","href":"https:\/\/api.w.org\/{rel}","templated":true}]}}