{"id":2586,"date":"2025-03-08T14:48:31","date_gmt":"2025-03-08T13:48:31","guid":{"rendered":"https:\/\/jardin.vallonchene.fr\/guided-tours\/"},"modified":"2025-11-06T14:06:19","modified_gmt":"2025-11-06T13:06:19","slug":"guided-tours","status":"publish","type":"page","link":"https:\/\/jardin.vallonchene.fr\/en\/guided-tours\/","title":{"rendered":"Guided tours"},"content":{"rendered":"\n<p>To uncover the secrets of the Jardin de Vallonch\u00eane, educational guided tours are <strong><span style=\"text-decoration: underline;\">organized by reservation.<\/span><\/strong> Let yourself be carried away by the guides&#8217; passion and enjoy an unforgettable moment of escape and learning.<\/p>\n\n<h2 class=\"wp-block-heading\">Practical information<\/h2>\n\n<div class=\"wp-block-buttons is-layout-flex wp-block-buttons-is-layout-flex\">\n<div class=\"wp-block-button is-style-fill\"><a class=\"wp-block-button__link has-base-color has-contrast-background-color has-text-color has-background wp-element-button\" href=\"https:\/\/jardin.vallonchene.fr\/en\/contact\/\"><strong>Click here to contact us<\/strong><\/a><\/div>\n<\/div>\n\n<ul class=\"wp-block-list\">\n<li>Tours by appointment only<\/li>\n\n\n\n<li>Bookings on <strong><a href=\"tel:+33235900202\">+33 (0)2.35.90.02.02<\/a><\/strong> or by <strong><a href=\"https:\/\/jardin.vallonchene.fr\/en\/contact\/\">sending a message by clicking here<\/a><\/strong>.<\/li>\n\n\n\n<li>Tour duration: approx. 1 h 30<\/li>\n\n\n\n<li>Price: from \u20ac82 for 4 people and \u20ac18.50 for each additional person. Payment must be made on booking by credit card or cash. Bookings are non-refundable unless canceled by us.<\/li>\n\n\n\n<li>Meeting point : <a href=\"https:\/\/jardin.vallonchene.fr\/en\/contact\/\">P\u00e9pini\u00e8re Vallonch\u00eane<\/a> (where you can also park your vehicle)<\/li>\n\n\n\n<li>Bring weather-appropriate clothing and comfortable walking shoes.<\/li>\n\n\n\n<li>Given the site&#8217;s hilly layout, the tour is unsuitable for people with reduced mobility, wheelchairs and baby carriages.<\/li>\n\n\n\n<li>However, our friends, the animals, are not allowed to visit.<\/li>\n<\/ul>\n","protected":false},"excerpt":{"rendered":"<p>To uncover the secrets of the Jardin de Vallonch\u00eane, educational guided tours are organized by reservation. Let yourself be carried away by the guides&#8217; passion and enjoy an unforgettable moment of escape and learning. Practical information<\/p>\n","protected":false},"author":1,"featured_media":0,"parent":0,"menu_order":0,"comment_status":"closed","ping_status":"closed","template":"","meta":{"footnotes":""},"class_list":["post-2586","page","type-page","status-publish","hentry"],"yoast_head":"<!-- This site is optimized with the Yoast SEO plugin v27.1.1 - https:\/\/yoast.com\/product\/yoast-seo-wordpress\/ -->\n<title>Guided tours - Vallonch\u00eane Garden<\/title>\n<meta name=\"description\" content=\"Find all the practical information you need about guided tours, including prices and conditions.\" \/>\n<meta name=\"robots\" content=\"index, follow, max-snippet:-1, max-image-preview:large, max-video-preview:-1\" \/>\n<link rel=\"canonical\" href=\"https:\/\/jardin.vallonchene.fr\/en\/guided-tours\/\" \/>\n<meta property=\"og:locale\" content=\"en_US\" \/>\n<meta property=\"og:type\" content=\"article\" \/>\n<meta property=\"og:title\" content=\"Guided tours - Vallonch\u00eane Garden\" \/>\n<meta property=\"og:description\" content=\"Find all the practical information you need about guided tours, including prices and conditions.\" \/>\n<meta property=\"og:url\" content=\"https:\/\/jardin.vallonchene.fr\/en\/guided-tours\/\" \/>\n<meta property=\"og:site_name\" content=\"Vallonch\u00eane Garden\" \/>\n<meta property=\"article:modified_time\" content=\"2025-11-06T13:06:19+00:00\" \/>\n<meta name=\"twitter:card\" content=\"summary_large_image\" \/>\n<meta name=\"twitter:label1\" content=\"Est. reading time\" \/>\n\t<meta name=\"twitter:data1\" content=\"1 minute\" \/>\n<script type=\"application\/ld+json\" class=\"yoast-schema-graph\">{\"@context\":\"https:\/\/schema.org\",\"@graph\":[{\"@type\":\"WebPage\",\"@id\":\"https:\/\/jardin.vallonchene.fr\/en\/guided-tours\/\",\"url\":\"https:\/\/jardin.vallonchene.fr\/en\/guided-tours\/\",\"name\":\"Guided tours - Vallonch\u00eane Garden\",\"isPartOf\":{\"@id\":\"https:\/\/jardin.vallonchene.fr\/en\/#website\"},\"datePublished\":\"2025-03-08T13:48:31+00:00\",\"dateModified\":\"2025-11-06T13:06:19+00:00\",\"description\":\"Find all the practical information you need about guided tours, including prices and conditions.\",\"breadcrumb\":{\"@id\":\"https:\/\/jardin.vallonchene.fr\/en\/guided-tours\/#breadcrumb\"},\"inLanguage\":\"en-US\",\"potentialAction\":[{\"@type\":\"ReadAction\",\"target\":[\"https:\/\/jardin.vallonchene.fr\/en\/guided-tours\/\"]}]},{\"@type\":\"BreadcrumbList\",\"@id\":\"https:\/\/jardin.vallonchene.fr\/en\/guided-tours\/#breadcrumb\",\"itemListElement\":[{\"@type\":\"ListItem\",\"position\":1,\"name\":\"Accueil\",\"item\":\"https:\/\/jardin.vallonchene.fr\/en\/\"},{\"@type\":\"ListItem\",\"position\":2,\"name\":\"Guided tours\"}]},{\"@type\":\"WebSite\",\"@id\":\"https:\/\/jardin.vallonchene.fr\/en\/#website\",\"url\":\"https:\/\/jardin.vallonchene.fr\/en\/\",\"name\":\"Vallonch\u00eane Garden\",\"description\":\"\",\"publisher\":{\"@id\":\"https:\/\/jardin.vallonchene.fr\/en\/#organization\"},\"potentialAction\":[{\"@type\":\"SearchAction\",\"target\":{\"@type\":\"EntryPoint\",\"urlTemplate\":\"https:\/\/jardin.vallonchene.fr\/en\/?s={search_term_string}\"},\"query-input\":{\"@type\":\"PropertyValueSpecification\",\"valueRequired\":true,\"valueName\":\"search_term_string\"}}],\"inLanguage\":\"en-US\"},{\"@type\":\"Organization\",\"@id\":\"https:\/\/jardin.vallonchene.fr\/en\/#organization\",\"name\":\"Vallonch\u00eane Garden\",\"url\":\"https:\/\/jardin.vallonchene.fr\/en\/\",\"logo\":{\"@type\":\"ImageObject\",\"inLanguage\":\"en-US\",\"@id\":\"https:\/\/jardin.vallonchene.fr\/en\/#\/schema\/logo\/image\/\",\"url\":\"https:\/\/jardin.vallonchene.fr\/wp-content\/uploads\/2022\/11\/Logo-JARDIN-Vallonchene-avec-site-R-SVG-SIMPLE.png\",\"contentUrl\":\"https:\/\/jardin.vallonchene.fr\/wp-content\/uploads\/2022\/11\/Logo-JARDIN-Vallonchene-avec-site-R-SVG-SIMPLE.png\",\"width\":926,\"height\":678,\"caption\":\"Vallonch\u00eane Garden\"},\"image\":{\"@id\":\"https:\/\/jardin.vallonchene.fr\/en\/#\/schema\/logo\/image\/\"}}]}<\/script>\n<!-- \/ Yoast SEO plugin. -->","yoast_head_json":{"title":"Guided tours - Vallonch\u00eane Garden","description":"Find all the practical information you need about guided tours, including prices and conditions.","robots":{"index":"index","follow":"follow","max-snippet":"max-snippet:-1","max-image-preview":"max-image-preview:large","max-video-preview":"max-video-preview:-1"},"canonical":"https:\/\/jardin.vallonchene.fr\/en\/guided-tours\/","og_locale":"en_US","og_type":"article","og_title":"Guided tours - Vallonch\u00eane Garden","og_description":"Find all the practical information you need about guided tours, including prices and conditions.","og_url":"https:\/\/jardin.vallonchene.fr\/en\/guided-tours\/","og_site_name":"Vallonch\u00eane Garden","article_modified_time":"2025-11-06T13:06:19+00:00","twitter_card":"summary_large_image","twitter_misc":{"Est. reading time":"1 minute"},"schema":{"@context":"https:\/\/schema.org","@graph":[{"@type":"WebPage","@id":"https:\/\/jardin.vallonchene.fr\/en\/guided-tours\/","url":"https:\/\/jardin.vallonchene.fr\/en\/guided-tours\/","name":"Guided tours - Vallonch\u00eane Garden","isPartOf":{"@id":"https:\/\/jardin.vallonchene.fr\/en\/#website"},"datePublished":"2025-03-08T13:48:31+00:00","dateModified":"2025-11-06T13:06:19+00:00","description":"Find all the practical information you need about guided tours, including prices and conditions.","breadcrumb":{"@id":"https:\/\/jardin.vallonchene.fr\/en\/guided-tours\/#breadcrumb"},"inLanguage":"en-US","potentialAction":[{"@type":"ReadAction","target":["https:\/\/jardin.vallonchene.fr\/en\/guided-tours\/"]}]},{"@type":"BreadcrumbList","@id":"https:\/\/jardin.vallonchene.fr\/en\/guided-tours\/#breadcrumb","itemListElement":[{"@type":"ListItem","position":1,"name":"Accueil","item":"https:\/\/jardin.vallonchene.fr\/en\/"},{"@type":"ListItem","position":2,"name":"Guided tours"}]},{"@type":"WebSite","@id":"https:\/\/jardin.vallonchene.fr\/en\/#website","url":"https:\/\/jardin.vallonchene.fr\/en\/","name":"Vallonch\u00eane Garden","description":"","publisher":{"@id":"https:\/\/jardin.vallonchene.fr\/en\/#organization"},"potentialAction":[{"@type":"SearchAction","target":{"@type":"EntryPoint","urlTemplate":"https:\/\/jardin.vallonchene.fr\/en\/?s={search_term_string}"},"query-input":{"@type":"PropertyValueSpecification","valueRequired":true,"valueName":"search_term_string"}}],"inLanguage":"en-US"},{"@type":"Organization","@id":"https:\/\/jardin.vallonchene.fr\/en\/#organization","name":"Vallonch\u00eane Garden","url":"https:\/\/jardin.vallonchene.fr\/en\/","logo":{"@type":"ImageObject","inLanguage":"en-US","@id":"https:\/\/jardin.vallonchene.fr\/en\/#\/schema\/logo\/image\/","url":"https:\/\/jardin.vallonchene.fr\/wp-content\/uploads\/2022\/11\/Logo-JARDIN-Vallonchene-avec-site-R-SVG-SIMPLE.png","contentUrl":"https:\/\/jardin.vallonchene.fr\/wp-content\/uploads\/2022\/11\/Logo-JARDIN-Vallonchene-avec-site-R-SVG-SIMPLE.png","width":926,"height":678,"caption":"Vallonch\u00eane Garden"},"image":{"@id":"https:\/\/jardin.vallonchene.fr\/en\/#\/schema\/logo\/image\/"}}]}},"_links":{"self":[{"href":"https:\/\/jardin.vallonchene.fr\/en\/wp-json\/wp\/v2\/pages\/2586","targetHints":{"allow":["GET"]}}],"collection":[{"href":"https:\/\/jardin.vallonchene.fr\/en\/wp-json\/wp\/v2\/pages"}],"about":[{"href":"https:\/\/jardin.vallonchene.fr\/en\/wp-json\/wp\/v2\/types\/page"}],"author":[{"embeddable":true,"href":"https:\/\/jardin.vallonchene.fr\/en\/wp-json\/wp\/v2\/users\/1"}],"replies":[{"embeddable":true,"href":"https:\/\/jardin.vallonchene.fr\/en\/wp-json\/wp\/v2\/comments?post=2586"}],"version-history":[{"count":2,"href":"https:\/\/jardin.vallonchene.fr\/en\/wp-json\/wp\/v2\/pages\/2586\/revisions"}],"predecessor-version":[{"id":2650,"href":"https:\/\/jardin.vallonchene.fr\/en\/wp-json\/wp\/v2\/pages\/2586\/revisions\/2650"}],"wp:attachment":[{"href":"https:\/\/jardin.vallonchene.fr\/en\/wp-json\/wp\/v2\/media?parent=2586"}],"curies":[{"name":"wp","href":"https:\/\/api.w.org\/{rel}","templated":true}]}}