{"id":2542,"date":"2025-03-07T10:08:43","date_gmt":"2025-03-07T09:08:43","guid":{"rendered":"https:\/\/jardin.vallonchene.fr\/?page_id=2542"},"modified":"2025-03-08T11:22:02","modified_gmt":"2025-03-08T10:22:02","slug":"contacto","status":"publish","type":"page","link":"https:\/\/jardin.vallonchene.fr\/es\/contacto\/","title":{"rendered":"Contacto"},"content":{"rendered":"\n<div class=\"wp-block-columns is-layout-flex wp-container-core-columns-is-layout-28f84493 wp-block-columns-is-layout-flex\">\n<div class=\"wp-block-column is-layout-flow wp-block-column-is-layout-flow\">\n<iframe src=\"https:\/\/www.google.com\/maps\/embed?pb=!1m18!1m12!1m3!1d2583.3577892580643!2d1.4449593157360323!3d49.647557452769334!2m3!1f0!2f0!3f0!3m2!1i1024!2i768!4f13.1!3m3!1m2!1s0x47e7355ccbcf39bf%3A0xc186d81e969d5155!2sJardin%20de%20Vallonch%C3%AAne!5e0!3m2!1sfr!2sch!4v1670237299079!5m2!1sfr!2sch\" style=\"border:0;\" allowfullscreen=\"\" loading=\"lazy\" referrerpolicy=\"no-referrer-when-downgrade\" width=\"600\" height=\"300\"><\/iframe>\n<\/div>\n<\/div>\n\n\n\n<p>Para ponerse en contacto con el equipo del Jard\u00edn de Vallonch\u00eane, no dude en enviarnos un mensaje a trav\u00e9s del formulario a continuaci\u00f3n.<\/p>\n\n\n\n<p>Le Jardin de Vallonch\u00eane<br>1426, chemin d&#8217;Atteville<br>76440 SOMMERY<\/p>\n\n\n\n<p><a href=\"tel:+33235900202\">T\u00e9l. : +33 (0)2.35.90.02.02<\/a><\/p>\n\n\n\n<h4 class=\"wp-block-heading\">Enviar un mensaje<\/h4>\n\n\n\n<p>Env\u00edenos su solicitud y estaremos encantados de responderle lo antes posible.<\/p>\n\n\n\n<div class=\"wp-block-columns is-layout-flex wp-container-core-columns-is-layout-28f84493 wp-block-columns-is-layout-flex\">\n<div class=\"wp-block-column is-layout-flow wp-block-column-is-layout-flow\"><div class='fluentform ff-default fluentform_wrapper_6  ff_guten_block ff_guten_block-6 ffs_default_wrap'><form data-form_id=\"6\" id=\"fluentform_6\" class=\"frm-fluent-form fluent_form_6 ff-el-form-top ff_form_instance_6_1 ff-form-loading ffs_default\" data-form_instance=\"ff_form_instance_6_1\" method=\"POST\" ><fieldset  style=\"border: none!important;margin: 0!important;padding: 0!important;background-color: transparent!important;box-shadow: none!important;outline: none!important; min-inline-size: 100%;\">\n                    <legend class=\"ff_screen_reader_title\" style=\"display: block; margin: 0!important;padding: 0!important;height: 0!important;text-indent: -999999px;width: 0!important;overflow:hidden;\">Contact Form ES<\/legend><input type='hidden' name='__fluent_form_embded_post_id' value='2542' \/><input type=\"hidden\" id=\"_fluentform_6_fluentformnonce\" name=\"_fluentform_6_fluentformnonce\" value=\"30918b8257\" \/><input type=\"hidden\" name=\"_wp_http_referer\" value=\"\/es\/wp-json\/wp\/v2\/pages\/2542\" \/><div data-type=\"name-element\" data-name=\"names\" class=\" ff-field_container ff-name-field-wrapper\" ><div class='ff-t-container'><div class='ff-t-cell '><div class='ff-el-group'><div class=\"ff-el-input--label ff-el-is-required asterisk-right\"><label for='ff_6_names_first_name_' id='label_ff_6_names_first_name_' >Nombre<\/label><\/div><div class='ff-el-input--content'><input type=\"text\" name=\"names[first_name]\" id=\"ff_6_names_first_name_\" class=\"ff-el-form-control\" aria-invalid=\"false\" aria-required=true><\/div><\/div><\/div><div class='ff-t-cell '><div class='ff-el-group'><div class=\"ff-el-input--label ff-el-is-required asterisk-right\"><label for='ff_6_names_last_name_' id='label_ff_6_names_last_name_' >Apellido<\/label><\/div><div class='ff-el-input--content'><input type=\"text\" name=\"names[last_name]\" id=\"ff_6_names_last_name_\" class=\"ff-el-form-control\" aria-invalid=\"false\" aria-required=true><\/div><\/div><\/div><\/div><\/div><div class='ff-el-group'><div class=\"ff-el-input--label ff-el-is-required asterisk-right\"><label for='ff_6_input_text' id='label_ff_6_input_text' aria-label=\"Tel\u00e9fono\">Tel\u00e9fono<\/label><\/div><div class='ff-el-input--content'><input type=\"text\" name=\"input_text\" class=\"ff-el-form-control\" data-name=\"input_text\" id=\"ff_6_input_text\"  aria-invalid=\"false\" aria-required=true><\/div><\/div><div class='ff-el-group'><div class=\"ff-el-input--label asterisk-right\"><label   aria-label=\"Permiso para contacto telef\u00f3nico\">Permiso para contacto telef\u00f3nico<\/label><\/div><div class='ff-el-input--content'><div class='ff-el-form-check ff-el-form-check-'><label class='ff-el-form-check-label' for='checkbox_3a11e5b903a51a85c745cfc5eebcf060'><input  type=\"checkbox\" name=\"checkbox[]\" data-name=\"checkbox\" class=\"ff-el-form-check-input ff-el-form-check-checkbox\" value=\"Al marcar esta casilla, autorizo a Vallonch\u00eane a contactarme por tel\u00e9fono en respuesta a mi mensaje. Su informaci\u00f3n solo se utilizar\u00e1 para este prop\u00f3sito y de acuerdo con nuestra pol\u00edtica de privacidad.\"  id='checkbox_3a11e5b903a51a85c745cfc5eebcf060' aria-label='Al marcar esta casilla, autorizo a Vallonch\u00eane a contactarme por tel\u00e9fono en respuesta a mi mensaje. Su informaci\u00f3n solo se utilizar\u00e1 para este prop\u00f3sito y de acuerdo con nuestra pol\u00edtica de privacidad.' aria-invalid='false' aria-required=false> <span>Al marcar esta casilla, autorizo a Vallonch\u00eane a contactarme por tel\u00e9fono en respuesta a mi mensaje. Su informaci\u00f3n solo se utilizar\u00e1 para este prop\u00f3sito y de acuerdo con nuestra pol\u00edtica de privacidad.<\/span><\/label><\/div><\/div><\/div><div class='ff-el-group'><div class=\"ff-el-input--label ff-el-is-required asterisk-right\"><label for='ff_6_email' id='label_ff_6_email' aria-label=\"Correo electr\u00f3nico\">Correo electr\u00f3nico<\/label><\/div><div class='ff-el-input--content'><input type=\"email\" name=\"email\" id=\"ff_6_email\" class=\"ff-el-form-control\" data-name=\"email\"  aria-invalid=\"false\" aria-required=true><\/div><\/div><div class='ff-el-group'><div class=\"ff-el-input--label ff-el-is-required asterisk-right\"><label for='ff_6_subject' id='label_ff_6_subject' aria-label=\"Asunto\">Asunto<\/label><\/div><div class='ff-el-input--content'><input type=\"text\" name=\"subject\" class=\"ff-el-form-control\" data-name=\"subject\" id=\"ff_6_subject\"  aria-invalid=\"false\" aria-required=true><\/div><\/div><div class='ff-el-group'><div class=\"ff-el-input--label ff-el-is-required asterisk-right\"><label for='ff_6_message' id='label_ff_6_message' aria-label=\"Su mensaje\">Su mensaje<\/label><\/div><div class='ff-el-input--content'><textarea aria-required=\"true\" aria-labelledby=\"label_ff_6_message\" name=\"message\" id=\"ff_6_message\" class=\"ff-el-form-control\" rows=\"4\" cols=\"2\" data-name=\"message\" ><\/textarea><\/div><\/div><div class='ff-el-group ff-text-left ff_submit_btn_wrapper'><button type=\"submit\" class=\"ff-btn ff-btn-submit ff-btn-md ff_btn_style wpf_has_custom_css\"  aria-label=\"Enviar el mensaje\">Enviar el mensaje<\/button><\/div><\/fieldset><\/form><div id='fluentform_6_errors' class='ff-errors-in-stack ff_form_instance_6_1 ff-form-loading_errors ff_form_instance_6_1_errors'><\/div><\/div>            <script type=\"text\/javascript\">\n                window.fluent_form_ff_form_instance_6_1 = {\"id\":\"6\",\"settings\":{\"layout\":{\"labelPlacement\":\"top\",\"helpMessagePlacement\":\"with_label\",\"errorMessagePlacement\":\"inline\",\"cssClassName\":\"\",\"asteriskPlacement\":\"asterisk-right\"},\"restrictions\":{\"denyEmptySubmission\":{\"enabled\":false}}},\"form_instance\":\"ff_form_instance_6_1\",\"form_id_selector\":\"fluentform_6\",\"rules\":{\"names[first_name]\":{\"required\":{\"value\":true,\"message\":\"Este campo es obligatorio.\",\"global\":false,\"global_message\":\"Ce champ est requis\"}},\"names[middle_name]\":{\"required\":{\"value\":false,\"message\":\"This field is required\",\"global\":false,\"global_message\":\"Ce champ est requis\"}},\"names[last_name]\":{\"required\":{\"value\":true,\"message\":\"Este campo es obligatorio.\",\"global\":false,\"global_message\":\"Ce champ est requis\"}},\"input_text\":{\"required\":{\"value\":true,\"message\":\"Este campo es obligatorio.\",\"global\":false,\"global_message\":\"Ce champ est requis\"}},\"checkbox\":{\"required\":{\"value\":false,\"message\":\"Este campo es obligatorio\",\"global_message\":\"Ce champ est requis\",\"global\":true}},\"email\":{\"required\":{\"value\":true,\"message\":\"Este campo es obligatorio.\",\"global\":false,\"global_message\":\"Ce champ est requis\"},\"email\":{\"value\":true,\"message\":\"Este campo debe contener una direcci\\u00f3n de correo electr\\u00f3nico v\\u00e1lida.\",\"global\":false,\"global_message\":\"Ce champ doit contenir un e-mail valide\"}},\"subject\":{\"required\":{\"value\":true,\"message\":\"Este campo es obligatorio\",\"global\":false,\"global_message\":\"Ce champ est requis\"}},\"message\":{\"required\":{\"value\":true,\"message\":\"Este campo es obligatorio.\",\"global\":false,\"global_message\":\"Ce champ est requis\"}}},\"debounce_time\":300};\n                            <\/script>\n            <\/div>\n<\/div>\n","protected":false},"excerpt":{"rendered":"<p>Para ponerse en contacto con el equipo del Jard\u00edn de Vallonch\u00eane, no dude en enviarnos un mensaje a trav\u00e9s del formulario a continuaci\u00f3n. Le Jardin de Vallonch\u00eane1426, chemin d&#8217;Atteville76440 SOMMERY T\u00e9l. : +33 (0)2.35.90.02.02 Enviar un mensaje Env\u00edenos su solicitud y estaremos encantados de responderle lo antes posible.<\/p>\n","protected":false},"author":1,"featured_media":0,"parent":0,"menu_order":3,"comment_status":"closed","ping_status":"closed","template":"","meta":{"footnotes":""},"class_list":["post-2542","page","type-page","status-publish","hentry"],"yoast_head":"<!-- This site is optimized with the Yoast SEO plugin v27.1.1 - https:\/\/yoast.com\/product\/yoast-seo-wordpress\/ -->\n<title>Contacto - Jard\u00edn de Vallonch\u00eane<\/title>\n<meta name=\"robots\" content=\"index, follow, max-snippet:-1, max-image-preview:large, max-video-preview:-1\" \/>\n<link rel=\"canonical\" href=\"https:\/\/jardin.vallonchene.fr\/es\/contacto\/\" \/>\n<meta property=\"og:locale\" content=\"es_ES\" \/>\n<meta property=\"og:type\" content=\"article\" \/>\n<meta property=\"og:title\" content=\"Contacto - Jard\u00edn de Vallonch\u00eane\" \/>\n<meta property=\"og:description\" content=\"Para ponerse en contacto con el equipo del Jard\u00edn de Vallonch\u00eane, no dude en enviarnos un mensaje a trav\u00e9s del formulario a continuaci\u00f3n. Le Jardin de Vallonch\u00eane1426, chemin d&#8217;Atteville76440 SOMMERY T\u00e9l. : +33 (0)2.35.90.02.02 Enviar un mensaje Env\u00edenos su solicitud y estaremos encantados de responderle lo antes posible.\" \/>\n<meta property=\"og:url\" content=\"https:\/\/jardin.vallonchene.fr\/es\/contacto\/\" \/>\n<meta property=\"og:site_name\" content=\"Jard\u00edn de Vallonch\u00eane\" \/>\n<meta property=\"article:modified_time\" content=\"2025-03-08T10:22:02+00:00\" \/>\n<meta name=\"twitter:card\" content=\"summary_large_image\" \/>\n<meta name=\"twitter:label1\" content=\"Tiempo de lectura\" \/>\n\t<meta name=\"twitter:data1\" content=\"1 minuto\" \/>\n<script type=\"application\/ld+json\" class=\"yoast-schema-graph\">{\"@context\":\"https:\/\/schema.org\",\"@graph\":[{\"@type\":\"WebPage\",\"@id\":\"https:\/\/jardin.vallonchene.fr\/es\/contacto\/\",\"url\":\"https:\/\/jardin.vallonchene.fr\/es\/contacto\/\",\"name\":\"Contacto - Jard\u00edn de Vallonch\u00eane\",\"isPartOf\":{\"@id\":\"https:\/\/jardin.vallonchene.fr\/es\/#website\"},\"datePublished\":\"2025-03-07T09:08:43+00:00\",\"dateModified\":\"2025-03-08T10:22:02+00:00\",\"breadcrumb\":{\"@id\":\"https:\/\/jardin.vallonchene.fr\/es\/contacto\/#breadcrumb\"},\"inLanguage\":\"es\",\"potentialAction\":[{\"@type\":\"ReadAction\",\"target\":[\"https:\/\/jardin.vallonchene.fr\/es\/contacto\/\"]}]},{\"@type\":\"BreadcrumbList\",\"@id\":\"https:\/\/jardin.vallonchene.fr\/es\/contacto\/#breadcrumb\",\"itemListElement\":[{\"@type\":\"ListItem\",\"position\":1,\"name\":\"Accueil\",\"item\":\"https:\/\/jardin.vallonchene.fr\/es\/\"},{\"@type\":\"ListItem\",\"position\":2,\"name\":\"Contacto\"}]},{\"@type\":\"WebSite\",\"@id\":\"https:\/\/jardin.vallonchene.fr\/es\/#website\",\"url\":\"https:\/\/jardin.vallonchene.fr\/es\/\",\"name\":\"Jard\u00edn de Vallonch\u00eane\",\"description\":\"\",\"publisher\":{\"@id\":\"https:\/\/jardin.vallonchene.fr\/es\/#organization\"},\"potentialAction\":[{\"@type\":\"SearchAction\",\"target\":{\"@type\":\"EntryPoint\",\"urlTemplate\":\"https:\/\/jardin.vallonchene.fr\/es\/?s={search_term_string}\"},\"query-input\":{\"@type\":\"PropertyValueSpecification\",\"valueRequired\":true,\"valueName\":\"search_term_string\"}}],\"inLanguage\":\"es\"},{\"@type\":\"Organization\",\"@id\":\"https:\/\/jardin.vallonchene.fr\/es\/#organization\",\"name\":\"Jard\u00edn de Vallonch\u00eane\",\"url\":\"https:\/\/jardin.vallonchene.fr\/es\/\",\"logo\":{\"@type\":\"ImageObject\",\"inLanguage\":\"es\",\"@id\":\"https:\/\/jardin.vallonchene.fr\/es\/#\/schema\/logo\/image\/\",\"url\":\"https:\/\/jardin.vallonchene.fr\/wp-content\/uploads\/2022\/11\/Logo-JARDIN-Vallonchene-avec-site-R-SVG-SIMPLE.png\",\"contentUrl\":\"https:\/\/jardin.vallonchene.fr\/wp-content\/uploads\/2022\/11\/Logo-JARDIN-Vallonchene-avec-site-R-SVG-SIMPLE.png\",\"width\":926,\"height\":678,\"caption\":\"Jard\u00edn de Vallonch\u00eane\"},\"image\":{\"@id\":\"https:\/\/jardin.vallonchene.fr\/es\/#\/schema\/logo\/image\/\"}}]}<\/script>\n<!-- \/ Yoast SEO plugin. -->","yoast_head_json":{"title":"Contacto - Jard\u00edn de Vallonch\u00eane","robots":{"index":"index","follow":"follow","max-snippet":"max-snippet:-1","max-image-preview":"max-image-preview:large","max-video-preview":"max-video-preview:-1"},"canonical":"https:\/\/jardin.vallonchene.fr\/es\/contacto\/","og_locale":"es_ES","og_type":"article","og_title":"Contacto - Jard\u00edn de Vallonch\u00eane","og_description":"Para ponerse en contacto con el equipo del Jard\u00edn de Vallonch\u00eane, no dude en enviarnos un mensaje a trav\u00e9s del formulario a continuaci\u00f3n. Le Jardin de Vallonch\u00eane1426, chemin d&#8217;Atteville76440 SOMMERY T\u00e9l. : +33 (0)2.35.90.02.02 Enviar un mensaje Env\u00edenos su solicitud y estaremos encantados de responderle lo antes posible.","og_url":"https:\/\/jardin.vallonchene.fr\/es\/contacto\/","og_site_name":"Jard\u00edn de Vallonch\u00eane","article_modified_time":"2025-03-08T10:22:02+00:00","twitter_card":"summary_large_image","twitter_misc":{"Tiempo de lectura":"1 minuto"},"schema":{"@context":"https:\/\/schema.org","@graph":[{"@type":"WebPage","@id":"https:\/\/jardin.vallonchene.fr\/es\/contacto\/","url":"https:\/\/jardin.vallonchene.fr\/es\/contacto\/","name":"Contacto - Jard\u00edn de Vallonch\u00eane","isPartOf":{"@id":"https:\/\/jardin.vallonchene.fr\/es\/#website"},"datePublished":"2025-03-07T09:08:43+00:00","dateModified":"2025-03-08T10:22:02+00:00","breadcrumb":{"@id":"https:\/\/jardin.vallonchene.fr\/es\/contacto\/#breadcrumb"},"inLanguage":"es","potentialAction":[{"@type":"ReadAction","target":["https:\/\/jardin.vallonchene.fr\/es\/contacto\/"]}]},{"@type":"BreadcrumbList","@id":"https:\/\/jardin.vallonchene.fr\/es\/contacto\/#breadcrumb","itemListElement":[{"@type":"ListItem","position":1,"name":"Accueil","item":"https:\/\/jardin.vallonchene.fr\/es\/"},{"@type":"ListItem","position":2,"name":"Contacto"}]},{"@type":"WebSite","@id":"https:\/\/jardin.vallonchene.fr\/es\/#website","url":"https:\/\/jardin.vallonchene.fr\/es\/","name":"Jard\u00edn de Vallonch\u00eane","description":"","publisher":{"@id":"https:\/\/jardin.vallonchene.fr\/es\/#organization"},"potentialAction":[{"@type":"SearchAction","target":{"@type":"EntryPoint","urlTemplate":"https:\/\/jardin.vallonchene.fr\/es\/?s={search_term_string}"},"query-input":{"@type":"PropertyValueSpecification","valueRequired":true,"valueName":"search_term_string"}}],"inLanguage":"es"},{"@type":"Organization","@id":"https:\/\/jardin.vallonchene.fr\/es\/#organization","name":"Jard\u00edn de Vallonch\u00eane","url":"https:\/\/jardin.vallonchene.fr\/es\/","logo":{"@type":"ImageObject","inLanguage":"es","@id":"https:\/\/jardin.vallonchene.fr\/es\/#\/schema\/logo\/image\/","url":"https:\/\/jardin.vallonchene.fr\/wp-content\/uploads\/2022\/11\/Logo-JARDIN-Vallonchene-avec-site-R-SVG-SIMPLE.png","contentUrl":"https:\/\/jardin.vallonchene.fr\/wp-content\/uploads\/2022\/11\/Logo-JARDIN-Vallonchene-avec-site-R-SVG-SIMPLE.png","width":926,"height":678,"caption":"Jard\u00edn de Vallonch\u00eane"},"image":{"@id":"https:\/\/jardin.vallonchene.fr\/es\/#\/schema\/logo\/image\/"}}]}},"_links":{"self":[{"href":"https:\/\/jardin.vallonchene.fr\/es\/wp-json\/wp\/v2\/pages\/2542","targetHints":{"allow":["GET"]}}],"collection":[{"href":"https:\/\/jardin.vallonchene.fr\/es\/wp-json\/wp\/v2\/pages"}],"about":[{"href":"https:\/\/jardin.vallonchene.fr\/es\/wp-json\/wp\/v2\/types\/page"}],"author":[{"embeddable":true,"href":"https:\/\/jardin.vallonchene.fr\/es\/wp-json\/wp\/v2\/users\/1"}],"replies":[{"embeddable":true,"href":"https:\/\/jardin.vallonchene.fr\/es\/wp-json\/wp\/v2\/comments?post=2542"}],"version-history":[{"count":0,"href":"https:\/\/jardin.vallonchene.fr\/es\/wp-json\/wp\/v2\/pages\/2542\/revisions"}],"wp:attachment":[{"href":"https:\/\/jardin.vallonchene.fr\/es\/wp-json\/wp\/v2\/media?parent=2542"}],"curies":[{"name":"wp","href":"https:\/\/api.w.org\/{rel}","templated":true}]}}