{"id":2545,"date":"2025-03-07T10:08:43","date_gmt":"2025-03-07T09:08:43","guid":{"rendered":"https:\/\/jardin.vallonchene.fr\/aviso-legal\/"},"modified":"2025-03-08T11:37:52","modified_gmt":"2025-03-08T10:37:52","slug":"aviso-legal","status":"publish","type":"page","link":"https:\/\/jardin.vallonchene.fr\/es\/aviso-legal\/","title":{"rendered":"Aviso legal"},"content":{"rendered":"\n<h3 class=\"wp-block-heading\">Propietario y editor de este sitio<\/h3>\n\n<p>VALLONCHENE SARL<br\/>1426, chemin d&#8217;Atteville<br\/>76440 SOMMERY (Francia)<\/p>\n\n<p>T\u00e9l. : +33 (0)2 35 90 02 02<br\/>E-mail : office arobase vallonchene point fr<br\/><br\/>R.C.S. de Dieppe<br\/>N\u00b0 Siret : 494 545 023 00017<br\/><br\/>Tous droits r\u00e9serv\u00e9s 2021. Les photos sur ce site ne sont pas contractuelles et la propri\u00e9t\u00e9 de Vallonch\u00eane ou de ses partenaires.<br\/><br\/>La reproduction, copie et utilisation du contenu et\/ou des images sur jardin.vallonchene.fr est interdite sans accord \u00e9crit.<\/p>\n\n<h3 class=\"wp-block-heading\">Responsable de la publicaci\u00f3n<\/h3>\n\n<p>Christophe MARSILLE<\/p>\n\n<h3 class=\"wp-block-heading\">Alojamiento del sitio<\/h3>\n\n<p>El sitio jardin.vallonchene.fr est\u00e1 alojado en servidores en Francia de la empresa OVH SAS, 2 rue Kellermann \u2013 BP 80157 59053 ROUBAIX CEDEX 1 (Francia).<\/p>\n\n<p>El almacenamiento de los datos personales de los Usuarios se realiza exclusivamente en los centros de datos de la empresa OVH situados en Estados miembros de la Uni\u00f3n Europea.<\/p>\n","protected":false},"excerpt":{"rendered":"<p>Propietario y editor de este sitio VALLONCHENE SARL1426, chemin d&#8217;Atteville76440 SOMMERY (Francia) T\u00e9l. : +33 (0)2 35 90 02 02E-mail : office arobase vallonchene point fr R.C.S. de DieppeN\u00b0 Siret : 494 545 023 00017 Tous droits r\u00e9serv\u00e9s 2021. Les photos sur ce site ne sont pas contractuelles et la propri\u00e9t\u00e9 de Vallonch\u00eane ou de [&hellip;]<\/p>\n","protected":false},"author":1,"featured_media":0,"parent":0,"menu_order":0,"comment_status":"closed","ping_status":"closed","template":"","meta":{"footnotes":""},"class_list":["post-2545","page","type-page","status-publish","hentry"],"yoast_head":"<!-- This site is optimized with the Yoast SEO plugin v27.1.1 - https:\/\/yoast.com\/product\/yoast-seo-wordpress\/ -->\n<title>Aviso legal - Jard\u00edn de Vallonch\u00eane<\/title>\n<meta name=\"robots\" content=\"index, follow, max-snippet:-1, max-image-preview:large, max-video-preview:-1\" \/>\n<link rel=\"canonical\" href=\"https:\/\/jardin.vallonchene.fr\/es\/aviso-legal\/\" \/>\n<meta property=\"og:locale\" content=\"es_ES\" \/>\n<meta property=\"og:type\" content=\"article\" \/>\n<meta property=\"og:title\" content=\"Aviso legal - Jard\u00edn de Vallonch\u00eane\" \/>\n<meta property=\"og:description\" content=\"Propietario y editor de este sitio VALLONCHENE SARL1426, chemin d&#8217;Atteville76440 SOMMERY (Francia) T\u00e9l. : +33 (0)2 35 90 02 02E-mail : office arobase vallonchene point fr R.C.S. de DieppeN\u00b0 Siret : 494 545 023 00017 Tous droits r\u00e9serv\u00e9s 2021. Les photos sur ce site ne sont pas contractuelles et la propri\u00e9t\u00e9 de Vallonch\u00eane ou de [&hellip;]\" \/>\n<meta property=\"og:url\" content=\"https:\/\/jardin.vallonchene.fr\/es\/aviso-legal\/\" \/>\n<meta property=\"og:site_name\" content=\"Jard\u00edn de Vallonch\u00eane\" \/>\n<meta property=\"article:modified_time\" content=\"2025-03-08T10:37:52+00:00\" \/>\n<meta name=\"twitter:card\" content=\"summary_large_image\" \/>\n<meta name=\"twitter:label1\" content=\"Tiempo de lectura\" \/>\n\t<meta name=\"twitter:data1\" content=\"1 minuto\" \/>\n<script type=\"application\/ld+json\" class=\"yoast-schema-graph\">{\"@context\":\"https:\/\/schema.org\",\"@graph\":[{\"@type\":\"WebPage\",\"@id\":\"https:\/\/jardin.vallonchene.fr\/es\/aviso-legal\/\",\"url\":\"https:\/\/jardin.vallonchene.fr\/es\/aviso-legal\/\",\"name\":\"Aviso legal - Jard\u00edn de Vallonch\u00eane\",\"isPartOf\":{\"@id\":\"https:\/\/jardin.vallonchene.fr\/es\/#website\"},\"datePublished\":\"2025-03-07T09:08:43+00:00\",\"dateModified\":\"2025-03-08T10:37:52+00:00\",\"breadcrumb\":{\"@id\":\"https:\/\/jardin.vallonchene.fr\/es\/aviso-legal\/#breadcrumb\"},\"inLanguage\":\"es\",\"potentialAction\":[{\"@type\":\"ReadAction\",\"target\":[\"https:\/\/jardin.vallonchene.fr\/es\/aviso-legal\/\"]}]},{\"@type\":\"BreadcrumbList\",\"@id\":\"https:\/\/jardin.vallonchene.fr\/es\/aviso-legal\/#breadcrumb\",\"itemListElement\":[{\"@type\":\"ListItem\",\"position\":1,\"name\":\"Accueil\",\"item\":\"https:\/\/jardin.vallonchene.fr\/es\/\"},{\"@type\":\"ListItem\",\"position\":2,\"name\":\"Aviso legal\"}]},{\"@type\":\"WebSite\",\"@id\":\"https:\/\/jardin.vallonchene.fr\/es\/#website\",\"url\":\"https:\/\/jardin.vallonchene.fr\/es\/\",\"name\":\"Jard\u00edn de Vallonch\u00eane\",\"description\":\"\",\"publisher\":{\"@id\":\"https:\/\/jardin.vallonchene.fr\/es\/#organization\"},\"potentialAction\":[{\"@type\":\"SearchAction\",\"target\":{\"@type\":\"EntryPoint\",\"urlTemplate\":\"https:\/\/jardin.vallonchene.fr\/es\/?s={search_term_string}\"},\"query-input\":{\"@type\":\"PropertyValueSpecification\",\"valueRequired\":true,\"valueName\":\"search_term_string\"}}],\"inLanguage\":\"es\"},{\"@type\":\"Organization\",\"@id\":\"https:\/\/jardin.vallonchene.fr\/es\/#organization\",\"name\":\"Jard\u00edn de Vallonch\u00eane\",\"url\":\"https:\/\/jardin.vallonchene.fr\/es\/\",\"logo\":{\"@type\":\"ImageObject\",\"inLanguage\":\"es\",\"@id\":\"https:\/\/jardin.vallonchene.fr\/es\/#\/schema\/logo\/image\/\",\"url\":\"https:\/\/jardin.vallonchene.fr\/wp-content\/uploads\/2022\/11\/Logo-JARDIN-Vallonchene-avec-site-R-SVG-SIMPLE.png\",\"contentUrl\":\"https:\/\/jardin.vallonchene.fr\/wp-content\/uploads\/2022\/11\/Logo-JARDIN-Vallonchene-avec-site-R-SVG-SIMPLE.png\",\"width\":926,\"height\":678,\"caption\":\"Jard\u00edn de Vallonch\u00eane\"},\"image\":{\"@id\":\"https:\/\/jardin.vallonchene.fr\/es\/#\/schema\/logo\/image\/\"}}]}<\/script>\n<!-- \/ Yoast SEO plugin. -->","yoast_head_json":{"title":"Aviso legal - Jard\u00edn de Vallonch\u00eane","robots":{"index":"index","follow":"follow","max-snippet":"max-snippet:-1","max-image-preview":"max-image-preview:large","max-video-preview":"max-video-preview:-1"},"canonical":"https:\/\/jardin.vallonchene.fr\/es\/aviso-legal\/","og_locale":"es_ES","og_type":"article","og_title":"Aviso legal - Jard\u00edn de Vallonch\u00eane","og_description":"Propietario y editor de este sitio VALLONCHENE SARL1426, chemin d&#8217;Atteville76440 SOMMERY (Francia) T\u00e9l. : +33 (0)2 35 90 02 02E-mail : office arobase vallonchene point fr R.C.S. de DieppeN\u00b0 Siret : 494 545 023 00017 Tous droits r\u00e9serv\u00e9s 2021. Les photos sur ce site ne sont pas contractuelles et la propri\u00e9t\u00e9 de Vallonch\u00eane ou de [&hellip;]","og_url":"https:\/\/jardin.vallonchene.fr\/es\/aviso-legal\/","og_site_name":"Jard\u00edn de Vallonch\u00eane","article_modified_time":"2025-03-08T10:37:52+00:00","twitter_card":"summary_large_image","twitter_misc":{"Tiempo de lectura":"1 minuto"},"schema":{"@context":"https:\/\/schema.org","@graph":[{"@type":"WebPage","@id":"https:\/\/jardin.vallonchene.fr\/es\/aviso-legal\/","url":"https:\/\/jardin.vallonchene.fr\/es\/aviso-legal\/","name":"Aviso legal - Jard\u00edn de Vallonch\u00eane","isPartOf":{"@id":"https:\/\/jardin.vallonchene.fr\/es\/#website"},"datePublished":"2025-03-07T09:08:43+00:00","dateModified":"2025-03-08T10:37:52+00:00","breadcrumb":{"@id":"https:\/\/jardin.vallonchene.fr\/es\/aviso-legal\/#breadcrumb"},"inLanguage":"es","potentialAction":[{"@type":"ReadAction","target":["https:\/\/jardin.vallonchene.fr\/es\/aviso-legal\/"]}]},{"@type":"BreadcrumbList","@id":"https:\/\/jardin.vallonchene.fr\/es\/aviso-legal\/#breadcrumb","itemListElement":[{"@type":"ListItem","position":1,"name":"Accueil","item":"https:\/\/jardin.vallonchene.fr\/es\/"},{"@type":"ListItem","position":2,"name":"Aviso legal"}]},{"@type":"WebSite","@id":"https:\/\/jardin.vallonchene.fr\/es\/#website","url":"https:\/\/jardin.vallonchene.fr\/es\/","name":"Jard\u00edn de Vallonch\u00eane","description":"","publisher":{"@id":"https:\/\/jardin.vallonchene.fr\/es\/#organization"},"potentialAction":[{"@type":"SearchAction","target":{"@type":"EntryPoint","urlTemplate":"https:\/\/jardin.vallonchene.fr\/es\/?s={search_term_string}"},"query-input":{"@type":"PropertyValueSpecification","valueRequired":true,"valueName":"search_term_string"}}],"inLanguage":"es"},{"@type":"Organization","@id":"https:\/\/jardin.vallonchene.fr\/es\/#organization","name":"Jard\u00edn de Vallonch\u00eane","url":"https:\/\/jardin.vallonchene.fr\/es\/","logo":{"@type":"ImageObject","inLanguage":"es","@id":"https:\/\/jardin.vallonchene.fr\/es\/#\/schema\/logo\/image\/","url":"https:\/\/jardin.vallonchene.fr\/wp-content\/uploads\/2022\/11\/Logo-JARDIN-Vallonchene-avec-site-R-SVG-SIMPLE.png","contentUrl":"https:\/\/jardin.vallonchene.fr\/wp-content\/uploads\/2022\/11\/Logo-JARDIN-Vallonchene-avec-site-R-SVG-SIMPLE.png","width":926,"height":678,"caption":"Jard\u00edn de Vallonch\u00eane"},"image":{"@id":"https:\/\/jardin.vallonchene.fr\/es\/#\/schema\/logo\/image\/"}}]}},"_links":{"self":[{"href":"https:\/\/jardin.vallonchene.fr\/es\/wp-json\/wp\/v2\/pages\/2545","targetHints":{"allow":["GET"]}}],"collection":[{"href":"https:\/\/jardin.vallonchene.fr\/es\/wp-json\/wp\/v2\/pages"}],"about":[{"href":"https:\/\/jardin.vallonchene.fr\/es\/wp-json\/wp\/v2\/types\/page"}],"author":[{"embeddable":true,"href":"https:\/\/jardin.vallonchene.fr\/es\/wp-json\/wp\/v2\/users\/1"}],"replies":[{"embeddable":true,"href":"https:\/\/jardin.vallonchene.fr\/es\/wp-json\/wp\/v2\/comments?post=2545"}],"version-history":[{"count":0,"href":"https:\/\/jardin.vallonchene.fr\/es\/wp-json\/wp\/v2\/pages\/2545\/revisions"}],"wp:attachment":[{"href":"https:\/\/jardin.vallonchene.fr\/es\/wp-json\/wp\/v2\/media?parent=2545"}],"curies":[{"name":"wp","href":"https:\/\/api.w.org\/{rel}","templated":true}]}}