{"id":2564,"date":"2025-03-07T10:08:43","date_gmt":"2025-03-07T09:08:43","guid":{"rendered":"https:\/\/jardin.vallonchene.fr\/politica-de-privacidad\/"},"modified":"2025-03-08T14:27:20","modified_gmt":"2025-03-08T13:27:20","slug":"politica-de-privacidad","status":"publish","type":"page","link":"https:\/\/jardin.vallonchene.fr\/es\/politica-de-privacidad\/","title":{"rendered":"Pol\u00edtica de privacidad"},"content":{"rendered":"\n<p>En el marco de sus actividades, la empresa VALLONCH\u00caNE, con sede en 1426, chemin d\u2019Atteville, 76440 SOMMERY, recopila y trata informaci\u00f3n que puede considerarse como \u00abdatos personales\u00bb. VALLONCH\u00caNE otorga gran importancia al respeto de la privacidad y utiliza los datos de manera responsable y confidencial con fines espec\u00edficos. <\/p>\n\n<h2 class=\"has-x-large-font-size wp-block-heading\" id=\"donn-es-personnelles\">Datos personales<\/h2>\n\n<p>En el sitio web jardin.vallonchene.fr se pueden recopilar dos tipos de datos:<\/p>\n\n<ul class=\"wp-block-list\">\n<li><strong>Datos proporcionados directamente<\/strong> <br\/>Estos datos son los que ustedes nos transmiten directamente, a trav\u00e9s de un formulario de contacto, una suscripci\u00f3n al bolet\u00edn informativo o mediante contacto directo por correo electr\u00f3nico.<\/li>\n\n\n\n<li><strong>Datos recopilados autom\u00e1ticamente<\/strong> <br\/>Durante sus visitas, una vez otorgado su consentimiento, podemos recopilar informaci\u00f3n anal\u00edtica relativa a su navegaci\u00f3n, la duraci\u00f3n de su consulta, su direcci\u00f3n IP (de forma anonimizada), as\u00ed como el tipo y la versi\u00f3n de su navegador. La tecnolog\u00eda utilizada son las cookies. <\/li>\n<\/ul>\n\n<h2 class=\"has-x-large-font-size wp-block-heading\" id=\"utilisation-des-donn-es\">Uso de los datos<\/h2>\n\n<p>Los datos que ustedes nos proporcionan directamente se utilizan con el prop\u00f3sito de volver a contactarles y\/o atender la solicitud realizada. Los datos anal\u00edticos se recopilan de forma an\u00f3nima (mediante el registro de direcciones IP anonimizadas) a trav\u00e9s de <a href=\"https:\/\/fr.matomo.org\/\" target=\"_blank\" rel=\"noreferrer noopener\">Matomo<\/a> (hospedado en Francia en nuestros propios servidores), lo que nos permite medir la audiencia de nuestro sitio web, las consultas y posibles errores para mejorar continuamente la experiencia de los usuarios. Estos datos son utilizados por VALLONCH\u00caNE, responsable del tratamiento de los datos, y nunca ser\u00e1n cedidos a terceros ni usados para fines distintos a los detallados en este documento.  <\/p>\n\n<h2 class=\"has-x-large-font-size wp-block-heading\" id=\"base-l-gale\">Base legal<\/h2>\n\n<p>Los datos personales solo se recopilan tras el consentimiento obligatorio del usuario. Este consentimiento se obtiene de manera v\u00e1lida (botones y casillas de verificaci\u00f3n), libre, clara e inequ\u00edvoca. <\/p>\n\n<h2 class=\"has-x-large-font-size wp-block-heading\" id=\"dur-e-de-conservation\">Duraci\u00f3n de conservaci\u00f3n<\/h2>\n\n<p>No conservamos los datos de los usuarios m\u00e1s tiempo del necesario para cumplir con los fines para los que fueron recopilados.<\/p>\n\n<h2 class=\"has-x-large-font-size wp-block-heading\" id=\"cookies\">Cookies<\/h2>\n\n<p>Les invitamos a consultar nuestro documento dedicado a nuestra <a href=\"https:\/\/jardin.vallonchene.fr\/politique-de-cookies-ue\/\" target=\"_blank\" rel=\"noreferrer noopener\">pol\u00edtica de cookies haciendo clic aqu\u00ed<\/a>.<\/p>\n\n<h2 class=\"has-x-large-font-size wp-block-heading\" id=\"vos-droits-concernant-les-donn-es-personnelles\">Sus derechos respecto a los datos personales<\/h2>\n\n<p>Ustedes tienen derecho a consultar, solicitar la modificaci\u00f3n o eliminaci\u00f3n de la totalidad de sus datos personales. Tambi\u00e9n pueden retirar su consentimiento para el tratamiento de sus datos. <\/p>\n\n<p>Si desean que sus datos sean eliminados o modificados de alguna manera, por favor, p\u00f3nganse en contacto con nuestro responsable de protecci\u00f3n de datos:<\/p>\n\n<p>Christophe MARSILLE<br\/>1426, chemin d&#8217;Atteville, 76440 SOMMERY<br\/>boutique at vallonchene punto fr<br\/>+33 (0)2 35 90 02 02<\/p>\n\n<h2 class=\"has-x-large-font-size wp-block-heading\">Modificaciones<\/h2>\n\n<p>Esta pol\u00edtica de privacidad puede modificarse ocasionalmente para mantener su conformidad con la ley y tener en cuenta cualquier cambio en nuestros procesos de recopilaci\u00f3n de datos. Recomendamos a nuestros usuarios que revisen nuestra pol\u00edtica de vez en cuando para asegurarse de estar informados sobre cualquier actualizaci\u00f3n. Si es necesario, podemos informar a los usuarios por correo electr\u00f3nico sobre los cambios realizados en esta pol\u00edtica.  <\/p>\n\n<h2 class=\"has-x-large-font-size wp-block-heading\" id=\"contact-d-l-gu-la-protection-des-donn-es\">Contacto<\/h2>\n\n<p>Si tienen preguntas, no duden en comunicarse con nosotros a trav\u00e9s de los siguientes medios:<\/p>\n\n<p>Tel. : +33 (0)2 35 90 02 02<br\/>Email : boutique at vallonchene punto fr<br\/>Direccion : VALLONCH\u00caNE, 1426, chemin d&#8217;Atteville, 76440 SOMMERY <\/p>\n\n<p>Fecha de entrada en vigor: 1 de noviembre de 2022<\/p>\n","protected":false},"excerpt":{"rendered":"<p>En el marco de sus actividades, la empresa VALLONCH\u00caNE, con sede en 1426, chemin d\u2019Atteville, 76440 SOMMERY, recopila y trata informaci\u00f3n que puede considerarse como \u00abdatos personales\u00bb. VALLONCH\u00caNE otorga gran importancia al respeto de la privacidad y utiliza los datos de manera responsable y confidencial con fines espec\u00edficos. Datos personales En el sitio web jardin.vallonchene.fr [&hellip;]<\/p>\n","protected":false},"author":1,"featured_media":0,"parent":0,"menu_order":0,"comment_status":"closed","ping_status":"closed","template":"","meta":{"footnotes":""},"class_list":["post-2564","page","type-page","status-publish","hentry"],"yoast_head":"<!-- This site is optimized with the Yoast SEO plugin v27.1.1 - https:\/\/yoast.com\/product\/yoast-seo-wordpress\/ -->\n<title>Pol\u00edtica de privacidad - Jard\u00edn de Vallonch\u00eane<\/title>\n<meta name=\"description\" content=\"Descubran nuestra pol\u00edtica de privacidad en relaci\u00f3n con el tratamiento de sus datos recopilados en nuestro sitio web.\" \/>\n<meta name=\"robots\" content=\"index, follow, max-snippet:-1, max-image-preview:large, max-video-preview:-1\" \/>\n<link rel=\"canonical\" href=\"https:\/\/jardin.vallonchene.fr\/es\/politica-de-privacidad\/\" \/>\n<meta property=\"og:locale\" content=\"es_ES\" \/>\n<meta property=\"og:type\" content=\"article\" \/>\n<meta property=\"og:title\" content=\"Pol\u00edtica de privacidad - Jard\u00edn de Vallonch\u00eane\" \/>\n<meta property=\"og:description\" content=\"Descubran nuestra pol\u00edtica de privacidad en relaci\u00f3n con el tratamiento de sus datos recopilados en nuestro sitio web.\" \/>\n<meta property=\"og:url\" content=\"https:\/\/jardin.vallonchene.fr\/es\/politica-de-privacidad\/\" \/>\n<meta property=\"og:site_name\" content=\"Jard\u00edn de Vallonch\u00eane\" \/>\n<meta property=\"article:modified_time\" content=\"2025-03-08T13:27:20+00:00\" \/>\n<meta name=\"twitter:card\" content=\"summary_large_image\" \/>\n<meta name=\"twitter:label1\" content=\"Tiempo de lectura\" \/>\n\t<meta name=\"twitter:data1\" content=\"3 minutos\" \/>\n<script type=\"application\/ld+json\" class=\"yoast-schema-graph\">{\"@context\":\"https:\/\/schema.org\",\"@graph\":[{\"@type\":\"WebPage\",\"@id\":\"https:\/\/jardin.vallonchene.fr\/es\/politica-de-privacidad\/\",\"url\":\"https:\/\/jardin.vallonchene.fr\/es\/politica-de-privacidad\/\",\"name\":\"Pol\u00edtica de privacidad - Jard\u00edn de Vallonch\u00eane\",\"isPartOf\":{\"@id\":\"https:\/\/jardin.vallonchene.fr\/es\/#website\"},\"datePublished\":\"2025-03-07T09:08:43+00:00\",\"dateModified\":\"2025-03-08T13:27:20+00:00\",\"description\":\"Descubran nuestra pol\u00edtica de privacidad en relaci\u00f3n con el tratamiento de sus datos recopilados en nuestro sitio web.\",\"breadcrumb\":{\"@id\":\"https:\/\/jardin.vallonchene.fr\/es\/politica-de-privacidad\/#breadcrumb\"},\"inLanguage\":\"es\",\"potentialAction\":[{\"@type\":\"ReadAction\",\"target\":[\"https:\/\/jardin.vallonchene.fr\/es\/politica-de-privacidad\/\"]}]},{\"@type\":\"BreadcrumbList\",\"@id\":\"https:\/\/jardin.vallonchene.fr\/es\/politica-de-privacidad\/#breadcrumb\",\"itemListElement\":[{\"@type\":\"ListItem\",\"position\":1,\"name\":\"Accueil\",\"item\":\"https:\/\/jardin.vallonchene.fr\/es\/\"},{\"@type\":\"ListItem\",\"position\":2,\"name\":\"Pol\u00edtica de privacidad\"}]},{\"@type\":\"WebSite\",\"@id\":\"https:\/\/jardin.vallonchene.fr\/es\/#website\",\"url\":\"https:\/\/jardin.vallonchene.fr\/es\/\",\"name\":\"Jard\u00edn de Vallonch\u00eane\",\"description\":\"\",\"publisher\":{\"@id\":\"https:\/\/jardin.vallonchene.fr\/es\/#organization\"},\"potentialAction\":[{\"@type\":\"SearchAction\",\"target\":{\"@type\":\"EntryPoint\",\"urlTemplate\":\"https:\/\/jardin.vallonchene.fr\/es\/?s={search_term_string}\"},\"query-input\":{\"@type\":\"PropertyValueSpecification\",\"valueRequired\":true,\"valueName\":\"search_term_string\"}}],\"inLanguage\":\"es\"},{\"@type\":\"Organization\",\"@id\":\"https:\/\/jardin.vallonchene.fr\/es\/#organization\",\"name\":\"Jard\u00edn de Vallonch\u00eane\",\"url\":\"https:\/\/jardin.vallonchene.fr\/es\/\",\"logo\":{\"@type\":\"ImageObject\",\"inLanguage\":\"es\",\"@id\":\"https:\/\/jardin.vallonchene.fr\/es\/#\/schema\/logo\/image\/\",\"url\":\"https:\/\/jardin.vallonchene.fr\/wp-content\/uploads\/2022\/11\/Logo-JARDIN-Vallonchene-avec-site-R-SVG-SIMPLE.png\",\"contentUrl\":\"https:\/\/jardin.vallonchene.fr\/wp-content\/uploads\/2022\/11\/Logo-JARDIN-Vallonchene-avec-site-R-SVG-SIMPLE.png\",\"width\":926,\"height\":678,\"caption\":\"Jard\u00edn de Vallonch\u00eane\"},\"image\":{\"@id\":\"https:\/\/jardin.vallonchene.fr\/es\/#\/schema\/logo\/image\/\"}}]}<\/script>\n<!-- \/ Yoast SEO plugin. -->","yoast_head_json":{"title":"Pol\u00edtica de privacidad - Jard\u00edn de Vallonch\u00eane","description":"Descubran nuestra pol\u00edtica de privacidad en relaci\u00f3n con el tratamiento de sus datos recopilados en nuestro sitio web.","robots":{"index":"index","follow":"follow","max-snippet":"max-snippet:-1","max-image-preview":"max-image-preview:large","max-video-preview":"max-video-preview:-1"},"canonical":"https:\/\/jardin.vallonchene.fr\/es\/politica-de-privacidad\/","og_locale":"es_ES","og_type":"article","og_title":"Pol\u00edtica de privacidad - Jard\u00edn de Vallonch\u00eane","og_description":"Descubran nuestra pol\u00edtica de privacidad en relaci\u00f3n con el tratamiento de sus datos recopilados en nuestro sitio web.","og_url":"https:\/\/jardin.vallonchene.fr\/es\/politica-de-privacidad\/","og_site_name":"Jard\u00edn de Vallonch\u00eane","article_modified_time":"2025-03-08T13:27:20+00:00","twitter_card":"summary_large_image","twitter_misc":{"Tiempo de lectura":"3 minutos"},"schema":{"@context":"https:\/\/schema.org","@graph":[{"@type":"WebPage","@id":"https:\/\/jardin.vallonchene.fr\/es\/politica-de-privacidad\/","url":"https:\/\/jardin.vallonchene.fr\/es\/politica-de-privacidad\/","name":"Pol\u00edtica de privacidad - Jard\u00edn de Vallonch\u00eane","isPartOf":{"@id":"https:\/\/jardin.vallonchene.fr\/es\/#website"},"datePublished":"2025-03-07T09:08:43+00:00","dateModified":"2025-03-08T13:27:20+00:00","description":"Descubran nuestra pol\u00edtica de privacidad en relaci\u00f3n con el tratamiento de sus datos recopilados en nuestro sitio web.","breadcrumb":{"@id":"https:\/\/jardin.vallonchene.fr\/es\/politica-de-privacidad\/#breadcrumb"},"inLanguage":"es","potentialAction":[{"@type":"ReadAction","target":["https:\/\/jardin.vallonchene.fr\/es\/politica-de-privacidad\/"]}]},{"@type":"BreadcrumbList","@id":"https:\/\/jardin.vallonchene.fr\/es\/politica-de-privacidad\/#breadcrumb","itemListElement":[{"@type":"ListItem","position":1,"name":"Accueil","item":"https:\/\/jardin.vallonchene.fr\/es\/"},{"@type":"ListItem","position":2,"name":"Pol\u00edtica de privacidad"}]},{"@type":"WebSite","@id":"https:\/\/jardin.vallonchene.fr\/es\/#website","url":"https:\/\/jardin.vallonchene.fr\/es\/","name":"Jard\u00edn de Vallonch\u00eane","description":"","publisher":{"@id":"https:\/\/jardin.vallonchene.fr\/es\/#organization"},"potentialAction":[{"@type":"SearchAction","target":{"@type":"EntryPoint","urlTemplate":"https:\/\/jardin.vallonchene.fr\/es\/?s={search_term_string}"},"query-input":{"@type":"PropertyValueSpecification","valueRequired":true,"valueName":"search_term_string"}}],"inLanguage":"es"},{"@type":"Organization","@id":"https:\/\/jardin.vallonchene.fr\/es\/#organization","name":"Jard\u00edn de Vallonch\u00eane","url":"https:\/\/jardin.vallonchene.fr\/es\/","logo":{"@type":"ImageObject","inLanguage":"es","@id":"https:\/\/jardin.vallonchene.fr\/es\/#\/schema\/logo\/image\/","url":"https:\/\/jardin.vallonchene.fr\/wp-content\/uploads\/2022\/11\/Logo-JARDIN-Vallonchene-avec-site-R-SVG-SIMPLE.png","contentUrl":"https:\/\/jardin.vallonchene.fr\/wp-content\/uploads\/2022\/11\/Logo-JARDIN-Vallonchene-avec-site-R-SVG-SIMPLE.png","width":926,"height":678,"caption":"Jard\u00edn de Vallonch\u00eane"},"image":{"@id":"https:\/\/jardin.vallonchene.fr\/es\/#\/schema\/logo\/image\/"}}]}},"_links":{"self":[{"href":"https:\/\/jardin.vallonchene.fr\/es\/wp-json\/wp\/v2\/pages\/2564","targetHints":{"allow":["GET"]}}],"collection":[{"href":"https:\/\/jardin.vallonchene.fr\/es\/wp-json\/wp\/v2\/pages"}],"about":[{"href":"https:\/\/jardin.vallonchene.fr\/es\/wp-json\/wp\/v2\/types\/page"}],"author":[{"embeddable":true,"href":"https:\/\/jardin.vallonchene.fr\/es\/wp-json\/wp\/v2\/users\/1"}],"replies":[{"embeddable":true,"href":"https:\/\/jardin.vallonchene.fr\/es\/wp-json\/wp\/v2\/comments?post=2564"}],"version-history":[{"count":0,"href":"https:\/\/jardin.vallonchene.fr\/es\/wp-json\/wp\/v2\/pages\/2564\/revisions"}],"wp:attachment":[{"href":"https:\/\/jardin.vallonchene.fr\/es\/wp-json\/wp\/v2\/media?parent=2564"}],"curies":[{"name":"wp","href":"https:\/\/api.w.org\/{rel}","templated":true}]}}