{"id":2590,"date":"2025-03-08T14:48:31","date_gmt":"2025-03-08T13:48:31","guid":{"rendered":"https:\/\/jardin.vallonchene.fr\/visitas-guiadas\/"},"modified":"2025-11-06T14:21:00","modified_gmt":"2025-11-06T13:21:00","slug":"visitas-guiadas","status":"publish","type":"page","link":"https:\/\/jardin.vallonchene.fr\/es\/visitas-guiadas\/","title":{"rendered":"Visitas guiadas"},"content":{"rendered":"\n<p>Para descubrir los secretos del Jard\u00edn de Vallonch\u00eane, se organizan <strong><span style=\"text-decoration: underline;\">visitas guiadas pedag\u00f3gicas con reserva previa<\/span><\/strong>. D\u00e9jese llevar por la pasi\u00f3n de los gu\u00edas y disfrute de un momento inolvidable de evasi\u00f3n y aprendizaje.<\/p>\n\n<h2 class=\"wp-block-heading\">Informaci\u00f3n pr\u00e1ctica<\/h2>\n\n<div class=\"wp-block-buttons is-layout-flex wp-block-buttons-is-layout-flex\">\n<div class=\"wp-block-button is-style-fill\"><a class=\"wp-block-button__link has-base-color has-contrast-background-color has-text-color has-background wp-element-button\" href=\"https:\/\/jardin.vallonchene.fr\/es\/contacto\/\"><strong>Haga clic aqu\u00ed para contactarnos<\/strong><\/a><\/div>\n<\/div>\n\n<ul class=\"wp-block-list\">\n<li>Visitas disponibles \u00fanicamente bajo reserva<\/li>\n\n\n\n<li>Reservas al <strong><a href=\"tel:+33235900202\">+33 (0)2.35.90.02.02<\/a><\/strong> o <strong><a href=\"https:\/\/jardin.vallonchene.fr\/es\/contacto\/\">enviando un mensaje haciendo clic aqu\u00ed<\/a><\/strong><\/li>\n\n\n\n<li>Duraci\u00f3n de la visita: aproximadamente 1 hora y 30 minutos<\/li>\n\n\n\n<li>Tarif : \u00e0 partir de 82 \u20ac pour 4 personnes et 18,50 \u20ac par personne suppl\u00e9mentaire. Le r\u00e8glement doit \u00eatre effectu\u00e9 \u00e0 la r\u00e9servation par carte de paiement ou esp\u00e8ces. La r\u00e9servation est non remboursable sauf en cas d&#8217;annulation de notre part.<\/li>\n\n\n\n<li>Punto de encuentro: <a href=\"https:\/\/jardin.vallonchene.fr\/es\/contacto\/\">Vivero Vallonch\u00eane<\/a> (donde tambi\u00e9n podr\u00e1n estacionar su veh\u00edculo)<\/li>\n\n\n\n<li>Se recomienda llevar ropa adecuada al clima y calzado c\u00f3modo para caminar<\/li>\n\n\n\n<li>Dada la configuraci\u00f3n muy escarpada del lugar, la visita no es adecuada para personas con movilidad reducida, sillas de ruedas o cochecitos.<\/li>\n\n\n\n<li>Lamentablemente, nuestras amigas las mascotas no est\u00e1n permitidas en la visita.<\/li>\n<\/ul>\n","protected":false},"excerpt":{"rendered":"<p>Para descubrir los secretos del Jard\u00edn de Vallonch\u00eane, se organizan visitas guiadas pedag\u00f3gicas con reserva previa. D\u00e9jese llevar por la pasi\u00f3n de los gu\u00edas y disfrute de un momento inolvidable de evasi\u00f3n y aprendizaje. Informaci\u00f3n pr\u00e1ctica<\/p>\n","protected":false},"author":1,"featured_media":0,"parent":0,"menu_order":0,"comment_status":"closed","ping_status":"closed","template":"","meta":{"footnotes":""},"class_list":["post-2590","page","type-page","status-publish","hentry"],"yoast_head":"<!-- This site is optimized with the Yoast SEO plugin v27.1.1 - https:\/\/yoast.com\/product\/yoast-seo-wordpress\/ -->\n<title>Visitas guiadas - Jard\u00edn de Vallonch\u00eane<\/title>\n<meta name=\"description\" content=\"Descubra toda la informaci\u00f3n pr\u00e1ctica necesaria sobre las visitas guiadas, as\u00ed como las tarifas y condiciones.\" \/>\n<meta name=\"robots\" content=\"index, follow, max-snippet:-1, max-image-preview:large, max-video-preview:-1\" \/>\n<link rel=\"canonical\" href=\"https:\/\/jardin.vallonchene.fr\/es\/visitas-guiadas\/\" \/>\n<meta property=\"og:locale\" content=\"es_ES\" \/>\n<meta property=\"og:type\" content=\"article\" \/>\n<meta property=\"og:title\" content=\"Visitas guiadas - Jard\u00edn de Vallonch\u00eane\" \/>\n<meta property=\"og:description\" content=\"Descubra toda la informaci\u00f3n pr\u00e1ctica necesaria sobre las visitas guiadas, as\u00ed como las tarifas y condiciones.\" \/>\n<meta property=\"og:url\" content=\"https:\/\/jardin.vallonchene.fr\/es\/visitas-guiadas\/\" \/>\n<meta property=\"og:site_name\" content=\"Jard\u00edn de Vallonch\u00eane\" \/>\n<meta property=\"article:modified_time\" content=\"2025-11-06T13:21:00+00:00\" \/>\n<meta name=\"twitter:card\" content=\"summary_large_image\" \/>\n<meta name=\"twitter:label1\" content=\"Tiempo de lectura\" \/>\n\t<meta name=\"twitter:data1\" content=\"1 minuto\" \/>\n<script type=\"application\/ld+json\" class=\"yoast-schema-graph\">{\"@context\":\"https:\/\/schema.org\",\"@graph\":[{\"@type\":\"WebPage\",\"@id\":\"https:\/\/jardin.vallonchene.fr\/es\/visitas-guiadas\/\",\"url\":\"https:\/\/jardin.vallonchene.fr\/es\/visitas-guiadas\/\",\"name\":\"Visitas guiadas - Jard\u00edn de Vallonch\u00eane\",\"isPartOf\":{\"@id\":\"https:\/\/jardin.vallonchene.fr\/es\/#website\"},\"datePublished\":\"2025-03-08T13:48:31+00:00\",\"dateModified\":\"2025-11-06T13:21:00+00:00\",\"description\":\"Descubra toda la informaci\u00f3n pr\u00e1ctica necesaria sobre las visitas guiadas, as\u00ed como las tarifas y condiciones.\",\"breadcrumb\":{\"@id\":\"https:\/\/jardin.vallonchene.fr\/es\/visitas-guiadas\/#breadcrumb\"},\"inLanguage\":\"es\",\"potentialAction\":[{\"@type\":\"ReadAction\",\"target\":[\"https:\/\/jardin.vallonchene.fr\/es\/visitas-guiadas\/\"]}]},{\"@type\":\"BreadcrumbList\",\"@id\":\"https:\/\/jardin.vallonchene.fr\/es\/visitas-guiadas\/#breadcrumb\",\"itemListElement\":[{\"@type\":\"ListItem\",\"position\":1,\"name\":\"Accueil\",\"item\":\"https:\/\/jardin.vallonchene.fr\/es\/\"},{\"@type\":\"ListItem\",\"position\":2,\"name\":\"Visitas guiadas\"}]},{\"@type\":\"WebSite\",\"@id\":\"https:\/\/jardin.vallonchene.fr\/es\/#website\",\"url\":\"https:\/\/jardin.vallonchene.fr\/es\/\",\"name\":\"Jard\u00edn de Vallonch\u00eane\",\"description\":\"\",\"publisher\":{\"@id\":\"https:\/\/jardin.vallonchene.fr\/es\/#organization\"},\"potentialAction\":[{\"@type\":\"SearchAction\",\"target\":{\"@type\":\"EntryPoint\",\"urlTemplate\":\"https:\/\/jardin.vallonchene.fr\/es\/?s={search_term_string}\"},\"query-input\":{\"@type\":\"PropertyValueSpecification\",\"valueRequired\":true,\"valueName\":\"search_term_string\"}}],\"inLanguage\":\"es\"},{\"@type\":\"Organization\",\"@id\":\"https:\/\/jardin.vallonchene.fr\/es\/#organization\",\"name\":\"Jard\u00edn de Vallonch\u00eane\",\"url\":\"https:\/\/jardin.vallonchene.fr\/es\/\",\"logo\":{\"@type\":\"ImageObject\",\"inLanguage\":\"es\",\"@id\":\"https:\/\/jardin.vallonchene.fr\/es\/#\/schema\/logo\/image\/\",\"url\":\"https:\/\/jardin.vallonchene.fr\/wp-content\/uploads\/2022\/11\/Logo-JARDIN-Vallonchene-avec-site-R-SVG-SIMPLE.png\",\"contentUrl\":\"https:\/\/jardin.vallonchene.fr\/wp-content\/uploads\/2022\/11\/Logo-JARDIN-Vallonchene-avec-site-R-SVG-SIMPLE.png\",\"width\":926,\"height\":678,\"caption\":\"Jard\u00edn de Vallonch\u00eane\"},\"image\":{\"@id\":\"https:\/\/jardin.vallonchene.fr\/es\/#\/schema\/logo\/image\/\"}}]}<\/script>\n<!-- \/ Yoast SEO plugin. -->","yoast_head_json":{"title":"Visitas guiadas - Jard\u00edn de Vallonch\u00eane","description":"Descubra toda la informaci\u00f3n pr\u00e1ctica necesaria sobre las visitas guiadas, as\u00ed como las tarifas y condiciones.","robots":{"index":"index","follow":"follow","max-snippet":"max-snippet:-1","max-image-preview":"max-image-preview:large","max-video-preview":"max-video-preview:-1"},"canonical":"https:\/\/jardin.vallonchene.fr\/es\/visitas-guiadas\/","og_locale":"es_ES","og_type":"article","og_title":"Visitas guiadas - Jard\u00edn de Vallonch\u00eane","og_description":"Descubra toda la informaci\u00f3n pr\u00e1ctica necesaria sobre las visitas guiadas, as\u00ed como las tarifas y condiciones.","og_url":"https:\/\/jardin.vallonchene.fr\/es\/visitas-guiadas\/","og_site_name":"Jard\u00edn de Vallonch\u00eane","article_modified_time":"2025-11-06T13:21:00+00:00","twitter_card":"summary_large_image","twitter_misc":{"Tiempo de lectura":"1 minuto"},"schema":{"@context":"https:\/\/schema.org","@graph":[{"@type":"WebPage","@id":"https:\/\/jardin.vallonchene.fr\/es\/visitas-guiadas\/","url":"https:\/\/jardin.vallonchene.fr\/es\/visitas-guiadas\/","name":"Visitas guiadas - Jard\u00edn de Vallonch\u00eane","isPartOf":{"@id":"https:\/\/jardin.vallonchene.fr\/es\/#website"},"datePublished":"2025-03-08T13:48:31+00:00","dateModified":"2025-11-06T13:21:00+00:00","description":"Descubra toda la informaci\u00f3n pr\u00e1ctica necesaria sobre las visitas guiadas, as\u00ed como las tarifas y condiciones.","breadcrumb":{"@id":"https:\/\/jardin.vallonchene.fr\/es\/visitas-guiadas\/#breadcrumb"},"inLanguage":"es","potentialAction":[{"@type":"ReadAction","target":["https:\/\/jardin.vallonchene.fr\/es\/visitas-guiadas\/"]}]},{"@type":"BreadcrumbList","@id":"https:\/\/jardin.vallonchene.fr\/es\/visitas-guiadas\/#breadcrumb","itemListElement":[{"@type":"ListItem","position":1,"name":"Accueil","item":"https:\/\/jardin.vallonchene.fr\/es\/"},{"@type":"ListItem","position":2,"name":"Visitas guiadas"}]},{"@type":"WebSite","@id":"https:\/\/jardin.vallonchene.fr\/es\/#website","url":"https:\/\/jardin.vallonchene.fr\/es\/","name":"Jard\u00edn de Vallonch\u00eane","description":"","publisher":{"@id":"https:\/\/jardin.vallonchene.fr\/es\/#organization"},"potentialAction":[{"@type":"SearchAction","target":{"@type":"EntryPoint","urlTemplate":"https:\/\/jardin.vallonchene.fr\/es\/?s={search_term_string}"},"query-input":{"@type":"PropertyValueSpecification","valueRequired":true,"valueName":"search_term_string"}}],"inLanguage":"es"},{"@type":"Organization","@id":"https:\/\/jardin.vallonchene.fr\/es\/#organization","name":"Jard\u00edn de Vallonch\u00eane","url":"https:\/\/jardin.vallonchene.fr\/es\/","logo":{"@type":"ImageObject","inLanguage":"es","@id":"https:\/\/jardin.vallonchene.fr\/es\/#\/schema\/logo\/image\/","url":"https:\/\/jardin.vallonchene.fr\/wp-content\/uploads\/2022\/11\/Logo-JARDIN-Vallonchene-avec-site-R-SVG-SIMPLE.png","contentUrl":"https:\/\/jardin.vallonchene.fr\/wp-content\/uploads\/2022\/11\/Logo-JARDIN-Vallonchene-avec-site-R-SVG-SIMPLE.png","width":926,"height":678,"caption":"Jard\u00edn de Vallonch\u00eane"},"image":{"@id":"https:\/\/jardin.vallonchene.fr\/es\/#\/schema\/logo\/image\/"}}]}},"_links":{"self":[{"href":"https:\/\/jardin.vallonchene.fr\/es\/wp-json\/wp\/v2\/pages\/2590","targetHints":{"allow":["GET"]}}],"collection":[{"href":"https:\/\/jardin.vallonchene.fr\/es\/wp-json\/wp\/v2\/pages"}],"about":[{"href":"https:\/\/jardin.vallonchene.fr\/es\/wp-json\/wp\/v2\/types\/page"}],"author":[{"embeddable":true,"href":"https:\/\/jardin.vallonchene.fr\/es\/wp-json\/wp\/v2\/users\/1"}],"replies":[{"embeddable":true,"href":"https:\/\/jardin.vallonchene.fr\/es\/wp-json\/wp\/v2\/comments?post=2590"}],"version-history":[{"count":4,"href":"https:\/\/jardin.vallonchene.fr\/es\/wp-json\/wp\/v2\/pages\/2590\/revisions"}],"predecessor-version":[{"id":2658,"href":"https:\/\/jardin.vallonchene.fr\/es\/wp-json\/wp\/v2\/pages\/2590\/revisions\/2658"}],"wp:attachment":[{"href":"https:\/\/jardin.vallonchene.fr\/es\/wp-json\/wp\/v2\/media?parent=2590"}],"curies":[{"name":"wp","href":"https:\/\/api.w.org\/{rel}","templated":true}]}}